{"id":17458,"date":"2020-07-20T14:17:05","date_gmt":"2020-07-20T14:17:05","guid":{"rendered":"http:\/\/roigk.de\/produkt\/bouchon-en-plastique-pour-tuyau-de-40-mm-avec-trou-daeration-pour-support-de-barriere-support-de-ligne\/"},"modified":"2026-01-21T09:05:54","modified_gmt":"2026-01-21T09:05:54","slug":"bouchon-en-plastique-pour-tuyau-de-40-mm-avec-trou-daeration-pour-support-de-barriere-support-de-ligne","status":"publish","type":"product","link":"https:\/\/roigk.de\/fr\/bouchon-en-plastique-pour-tuyau-de-40-mm-avec-trou-daeration-pour-support-de-barriere-support-de-ligne\/","title":{"rendered":"Bouchon en plastique pour tuyau de 40 mm avec trou d&rsquo;a\u00e9ration (pour support de barri\u00e8re, support de ligne)"},"content":{"rendered":"","protected":false},"excerpt":{"rendered":"<p><span>Conform\u00e9ment \u00e0 l&#8217;image<\/span><b><\/b><i><\/i><\/p>\n","protected":false},"featured_media":8412,"template":"","meta":{"_acf_changed":false},"product_brand":[],"product_cat":[141],"product_tag":[],"class_list":{"0":"post-17458","1":"product","2":"type-product","3":"status-publish","4":"has-post-thumbnail","6":"product_cat-lignes-pieces-detachees","8":"first","9":"instock","10":"taxable","11":"shipping-taxable","12":"purchasable","13":"product-type-simple"},"acf":[],"_links":{"self":[{"href":"https:\/\/roigk.de\/fr\/wp-json\/wp\/v2\/product\/17458","targetHints":{"allow":["GET"]}}],"collection":[{"href":"https:\/\/roigk.de\/fr\/wp-json\/wp\/v2\/product"}],"about":[{"href":"https:\/\/roigk.de\/fr\/wp-json\/wp\/v2\/types\/product"}],"wp:featuredmedia":[{"embeddable":true,"href":"https:\/\/roigk.de\/fr\/wp-json\/wp\/v2\/media\/8412"}],"wp:attachment":[{"href":"https:\/\/roigk.de\/fr\/wp-json\/wp\/v2\/media?parent=17458"}],"wp:term":[{"taxonomy":"product_brand","embeddable":true,"href":"https:\/\/roigk.de\/fr\/wp-json\/wp\/v2\/product_brand?post=17458"},{"taxonomy":"product_cat","embeddable":true,"href":"https:\/\/roigk.de\/fr\/wp-json\/wp\/v2\/product_cat?post=17458"},{"taxonomy":"product_tag","embeddable":true,"href":"https:\/\/roigk.de\/fr\/wp-json\/wp\/v2\/product_tag?post=17458"}],"curies":[{"name":"wp","href":"https:\/\/api.w.org\/{rel}","templated":true}]}}