{"id":17472,"date":"2020-07-20T14:23:22","date_gmt":"2020-07-20T14:23:22","guid":{"rendered":"http:\/\/roigk.de\/produkt\/e-roue-a-eau-colourshine-glass-450-pour-element-deau-avec-roues-a-eau-r8700-40\/"},"modified":"2026-01-21T09:06:42","modified_gmt":"2026-01-21T09:06:42","slug":"e-roue-a-eau-colourshine-glass-450-pour-element-deau-avec-roues-a-eau-r8700-40","status":"publish","type":"product","link":"https:\/\/roigk.de\/fr\/e-roue-a-eau-colourshine-glass-450-pour-element-deau-avec-roues-a-eau-r8700-40\/","title":{"rendered":"E# Roue \u00e0 eau Colourshine glass 450 (pour \u00e9l\u00e9ment d&rsquo;eau avec roues \u00e0 eau R8700-40)"},"content":{"rendered":"","protected":false},"excerpt":{"rendered":"<p>Conform\u00e9ment \u00e0 l&#8217;illustration, sans autres accessoires<br \/>Mat\u00e9riau : verre color\u00e9<br \/>Dimensions: 450 x 120 mm<\/p>\n","protected":false},"featured_media":8837,"template":"","meta":{"_acf_changed":false},"product_brand":[],"product_cat":[137],"product_tag":[],"class_list":{"0":"post-17472","1":"product","2":"type-product","3":"status-publish","4":"has-post-thumbnail","6":"product_cat-attractions-et-cols-de-cygne-pieces-detachees","8":"first","9":"instock","10":"taxable","11":"shipping-taxable","12":"purchasable","13":"product-type-simple"},"acf":[],"_links":{"self":[{"href":"https:\/\/roigk.de\/fr\/wp-json\/wp\/v2\/product\/17472","targetHints":{"allow":["GET"]}}],"collection":[{"href":"https:\/\/roigk.de\/fr\/wp-json\/wp\/v2\/product"}],"about":[{"href":"https:\/\/roigk.de\/fr\/wp-json\/wp\/v2\/types\/product"}],"wp:featuredmedia":[{"embeddable":true,"href":"https:\/\/roigk.de\/fr\/wp-json\/wp\/v2\/media\/8837"}],"wp:attachment":[{"href":"https:\/\/roigk.de\/fr\/wp-json\/wp\/v2\/media?parent=17472"}],"wp:term":[{"taxonomy":"product_brand","embeddable":true,"href":"https:\/\/roigk.de\/fr\/wp-json\/wp\/v2\/product_brand?post=17472"},{"taxonomy":"product_cat","embeddable":true,"href":"https:\/\/roigk.de\/fr\/wp-json\/wp\/v2\/product_cat?post=17472"},{"taxonomy":"product_tag","embeddable":true,"href":"https:\/\/roigk.de\/fr\/wp-json\/wp\/v2\/product_tag?post=17472"}],"curies":[{"name":"wp","href":"https:\/\/api.w.org\/{rel}","templated":true}]}}