{"id":17496,"date":"2020-07-21T12:59:57","date_gmt":"2020-07-21T12:59:57","guid":{"rendered":"http:\/\/roigk.de\/produkt\/z-piece-dinstallation-ancrage-au-sol-r41e-02-piscine-interieure-raccords-pour-pediluves-r41-1-r40-1\/"},"modified":"2026-01-21T09:07:56","modified_gmt":"2026-01-21T09:07:56","slug":"z-piece-dinstallation-ancrage-au-sol-r41e-02-piscine-interieure-raccords-pour-pediluves-r41-1-r40-1","status":"publish","type":"product","link":"https:\/\/roigk.de\/fr\/z-piece-dinstallation-ancrage-au-sol-r41e-02-piscine-interieure-raccords-pour-pediluves-r41-1-r40-1\/","title":{"rendered":"Z# Pi\u00e8ce d&rsquo;installation \/ ancrage au sol R41E-02 Piscine int\u00e9rieure (raccords pour p\u00e9diluves R41-1, R40-1)"},"content":{"rendered":"","protected":false},"excerpt":{"rendered":"<p>Avec deux raccordements pour l&#8217;eau froide et l&#8217;eau chaude<br \/>Mat\u00e9riau : acier inoxydable 1.4571 (316Ti)<br \/>(sans bride d&#8217;\u00e9tanch\u00e9it\u00e9 optionnelle)<\/p>\n<p>&nbsp;<\/p>\n","protected":false},"featured_media":12289,"template":"","meta":{"_acf_changed":false},"product_brand":[],"product_cat":[192],"product_tag":[],"class_list":{"0":"post-17496","1":"product","2":"type-product","3":"status-publish","4":"has-post-thumbnail","6":"product_cat-bien-etre-bain-de-pieds-bancs-chauffants-et-douches-murales-economes-en-eau","8":"first","9":"instock","10":"taxable","11":"shipping-taxable","12":"purchasable","13":"product-type-simple"},"acf":[],"_links":{"self":[{"href":"https:\/\/roigk.de\/fr\/wp-json\/wp\/v2\/product\/17496","targetHints":{"allow":["GET"]}}],"collection":[{"href":"https:\/\/roigk.de\/fr\/wp-json\/wp\/v2\/product"}],"about":[{"href":"https:\/\/roigk.de\/fr\/wp-json\/wp\/v2\/types\/product"}],"wp:featuredmedia":[{"embeddable":true,"href":"https:\/\/roigk.de\/fr\/wp-json\/wp\/v2\/media\/12289"}],"wp:attachment":[{"href":"https:\/\/roigk.de\/fr\/wp-json\/wp\/v2\/media?parent=17496"}],"wp:term":[{"taxonomy":"product_brand","embeddable":true,"href":"https:\/\/roigk.de\/fr\/wp-json\/wp\/v2\/product_brand?post=17496"},{"taxonomy":"product_cat","embeddable":true,"href":"https:\/\/roigk.de\/fr\/wp-json\/wp\/v2\/product_cat?post=17496"},{"taxonomy":"product_tag","embeddable":true,"href":"https:\/\/roigk.de\/fr\/wp-json\/wp\/v2\/product_tag?post=17496"}],"curies":[{"name":"wp","href":"https:\/\/api.w.org\/{rel}","templated":true}]}}