{"id":17513,"date":"2020-07-20T14:34:30","date_gmt":"2021-01-19T23:23:02","guid":{"rendered":"http:\/\/roigk.de\/produkt\/e-marche-de-depart-er0095-500x250-pour-plot-de-depart\/"},"modified":"2025-01-27T12:44:23","modified_gmt":"2025-01-27T12:44:23","slug":"e-marche-de-depart-er0095-500x250-pour-plot-de-depart","status":"publish","type":"product","link":"https:\/\/roigk.de\/fr\/e-marche-de-depart-er0095-500x250-pour-plot-de-depart\/","title":{"rendered":"E# Marche de d\u00e9part ER0095-500&#215;250 (pour plot de d\u00e9part)"},"content":{"rendered":"","protected":false},"excerpt":{"rendered":"<p>Couleur : blanc lat\u00e9ral (RAL 9016) et gris de rev\u00eatement (RAL 7015)<br \/>Taille : 500 x 250 mm<br \/>Mat\u00e9riau : Plastique renforc\u00e9 de fibres de verre (GfK)<br \/>(per\u00e7age des trous de fixation par le client)<\/p>\n","protected":false},"featured_media":29557,"template":"","meta":{"_acf_changed":false},"product_brand":[],"product_cat":[149],"product_tag":[],"class_list":{"0":"post-17513","1":"product","2":"type-product","3":"status-publish","4":"has-post-thumbnail","6":"product_cat-plot-de-depart-pieces-detachees","8":"first","9":"instock","10":"taxable","11":"shipping-taxable","12":"purchasable","13":"product-type-simple"},"acf":[],"_links":{"self":[{"href":"https:\/\/roigk.de\/fr\/wp-json\/wp\/v2\/product\/17513","targetHints":{"allow":["GET"]}}],"collection":[{"href":"https:\/\/roigk.de\/fr\/wp-json\/wp\/v2\/product"}],"about":[{"href":"https:\/\/roigk.de\/fr\/wp-json\/wp\/v2\/types\/product"}],"wp:featuredmedia":[{"embeddable":true,"href":"https:\/\/roigk.de\/fr\/wp-json\/wp\/v2\/media\/29557"}],"wp:attachment":[{"href":"https:\/\/roigk.de\/fr\/wp-json\/wp\/v2\/media?parent=17513"}],"wp:term":[{"taxonomy":"product_brand","embeddable":true,"href":"https:\/\/roigk.de\/fr\/wp-json\/wp\/v2\/product_brand?post=17513"},{"taxonomy":"product_cat","embeddable":true,"href":"https:\/\/roigk.de\/fr\/wp-json\/wp\/v2\/product_cat?post=17513"},{"taxonomy":"product_tag","embeddable":true,"href":"https:\/\/roigk.de\/fr\/wp-json\/wp\/v2\/product_tag?post=17513"}],"curies":[{"name":"wp","href":"https:\/\/api.w.org\/{rel}","templated":true}]}}