{"id":17525,"date":"2020-07-20T14:40:07","date_gmt":"2020-07-20T14:40:07","guid":{"rendered":"http:\/\/roigk.de\/produkt\/e-rouleau-non-pivotant-pour-les-chariots-de-transport-pare-chocs-grand-chariot-a-linge\/"},"modified":"2026-01-21T09:12:38","modified_gmt":"2026-01-21T09:12:38","slug":"e-rouleau-non-pivotant-pour-les-chariots-de-transport-pare-chocs-grand-chariot-a-linge","status":"publish","type":"product","link":"https:\/\/roigk.de\/fr\/e-rouleau-non-pivotant-pour-les-chariots-de-transport-pare-chocs-grand-chariot-a-linge\/","title":{"rendered":"E# Rouleau non pivotant (pour les chariots de transport Pare-chocs, grand chariot \u00e0 linge)"},"content":{"rendered":"","protected":false},"excerpt":{"rendered":"<p>Mat\u00e9riaux : acier galvanis\u00e9, plastique<\/p>\n","protected":false},"featured_media":10127,"template":"","meta":{"_acf_changed":false},"product_brand":[],"product_cat":[141],"product_tag":[],"class_list":{"0":"post-17525","1":"product","2":"type-product","3":"status-publish","4":"has-post-thumbnail","6":"product_cat-lignes-pieces-detachees","8":"first","9":"instock","10":"taxable","11":"shipping-taxable","12":"purchasable","13":"product-type-simple"},"acf":[],"_links":{"self":[{"href":"https:\/\/roigk.de\/fr\/wp-json\/wp\/v2\/product\/17525","targetHints":{"allow":["GET"]}}],"collection":[{"href":"https:\/\/roigk.de\/fr\/wp-json\/wp\/v2\/product"}],"about":[{"href":"https:\/\/roigk.de\/fr\/wp-json\/wp\/v2\/types\/product"}],"wp:featuredmedia":[{"embeddable":true,"href":"https:\/\/roigk.de\/fr\/wp-json\/wp\/v2\/media\/10127"}],"wp:attachment":[{"href":"https:\/\/roigk.de\/fr\/wp-json\/wp\/v2\/media?parent=17525"}],"wp:term":[{"taxonomy":"product_brand","embeddable":true,"href":"https:\/\/roigk.de\/fr\/wp-json\/wp\/v2\/product_brand?post=17525"},{"taxonomy":"product_cat","embeddable":true,"href":"https:\/\/roigk.de\/fr\/wp-json\/wp\/v2\/product_cat?post=17525"},{"taxonomy":"product_tag","embeddable":true,"href":"https:\/\/roigk.de\/fr\/wp-json\/wp\/v2\/product_tag?post=17525"}],"curies":[{"name":"wp","href":"https:\/\/api.w.org\/{rel}","templated":true}]}}