{"id":17547,"date":"2020-07-24T07:29:23","date_gmt":"2020-07-24T07:29:23","guid":{"rendered":"http:\/\/roigk.de\/produkt\/z-ancrage-universel-au-sol-r8214en-e\/"},"modified":"2026-01-21T09:13:45","modified_gmt":"2026-01-21T09:13:45","slug":"z-ancrage-universel-au-sol-r8214en-e","status":"publish","type":"product","link":"https:\/\/roigk.de\/fr\/z-ancrage-universel-au-sol-r8214en-e\/","title":{"rendered":"Z# Ancrage universel au sol R8214EN-E"},"content":{"rendered":"","protected":false},"excerpt":{"rendered":"<p>Vous en avez \u00e9galement assez de devoir renouveler la roue \u00e0 chaque nouveau projet lorsque vous voulez installer ou pr\u00e9voir des attractions aquatiques, des animaux aquatiques, des gargouilles ou des jets d&#8217;eau ? Nous aussi !<\/p>\n<p>C&#8217;est pourquoi nous avons invent\u00e9 l&#8217;ancre universelle au sol pour les attractions aquatiques.<\/p>\n<p>Vos avantages :<\/p>\n<p>DURABLE : En tant qu&#8217;exploitant, je souhaite rendre ma piscine plus attrayante sur une base r\u00e9guli\u00e8re et je peux d\u00e9sormais \u00e9changer des attractions entre mes piscines ou en acheter de nouvelles. Sans avoir \u00e0 proc\u00e9der \u00e0 une conversion majeure. Il suffit de desserrer les vis, de changer le dispositif d&#8217;eau et c&#8217;est parti. Chaque ann\u00e9e, le choix d&#8217;attractions s&#8217;\u00e9largit &#8211; peut-\u00eatre que dans quelques ann\u00e9es, il y aura beaucoup plus de belles choses qui y tiendront.<\/p>\n<p>SCELLEMENT : le scellement ne pose aucun probl\u00e8me, car il existe des solutions de brides de scellement adapt\u00e9es \u00e0 toutes les situations &#8211; m\u00eame pour les films en PVC<\/p>\n<p>AM\u00c9NAGEMENT : Si, au cours du projet, je me souviens de changer \u00e0 nouveau les attractions ou de changer de place, je peux le faire tr\u00e8s facilement car chaque attraction tient sur l&#8217;ancrage universel au sol<\/p>\n<p>STABLE : Je peux bien dormir, car l&#8217;ancrage au sol est con\u00e7u de mani\u00e8re si stable que m\u00eame les plus grandes attractions avec des charges de vent ne le feront pas tomber.<\/p>\n<p>RAPIDEMENT ADAPT\u00c9 AU PROJET : Nous avons toujours un retard dans le projet et les pi\u00e8ces int\u00e9gr\u00e9es doivent \u00eatre livr\u00e9es rapidement sur le site de construction. Et pas seulement cela. Les branchements d&#8217;eau doivent \u00eatre effectu\u00e9s avec des raccords sp\u00e9ciaux par le bas, par le c\u00f4t\u00e9, prolong\u00e9s, avec une bride d&#8217;\u00e9tanch\u00e9it\u00e9, etc. Roigk produit tout \u00e0 Gevelsberg (Allemagne) et envoie rapidement l&#8217;ancrage universel adapt\u00e9 au projet. Nous trouvons la bonne solution d&#8217;installation.<\/p>\n<p>AVANT-PROPOS : Combien de fois est-il arriv\u00e9 qu&#8217;un canon \u00e0 eau pulv\u00e9rise dans la mauvaise direction parce que la pi\u00e8ce d&#8217;installation \u00e9tait mal align\u00e9e ? Les 24 filets de l&#8217;ancrage universel au sol permettent d&#8217;ajuster facilement la direction de la pulv\u00e9risation.<\/p>\n<p>BASSE BUDGET : Comme toujours, le budget actuel du projet est trop bas pour pouvoir vraiment faire quelque chose. Comme toujours, cependant, il y aura encore des budgets courants dans les ann\u00e9es \u00e0 venir qui pourront \u00eatre utilis\u00e9s. La solution : Pr\u00e9voyez d\u00e8s maintenant l&#8217;avenir et installez d\u00e9j\u00e0 autant d&#8217;ancrages universels au sol qu&#8217;il vous faut pour la solution de r\u00eave dans quelques ann\u00e9es. Certains ne sont actuellement \u00e9quip\u00e9s que d&#8217;une buse de sol peu co\u00fbteuse et ne seront \u00e9quip\u00e9s que plus tard.<\/p>\n<p>Qu&#8217;est-ce qui se fixe sur l&#8217;ancrage universel au sol ?<\/p>\n<p>Toutes les attractions OXY, CRAFT et RIFF<br \/>Toutes les buses de sol WAVE*.<br \/>La plupart des gargouilles Roigk<br \/>Attractions lumineuses et buses au sol avec insert LED*.<br \/>GfK Animaux d&#8217;\u00e9claboussures*<br \/>Canons \u00e0 eau Nautilus ROUGE avec valve de temporisation<br \/>* des accessoires suppl\u00e9mentaires peuvent \u00eatre n\u00e9cessaires &#8211; veuillez nous consulter<\/p>\n","protected":false},"featured_media":12722,"template":"","meta":{"_acf_changed":false},"product_brand":[],"product_cat":[302,188],"product_tag":[],"class_list":{"0":"post-17547","1":"product","2":"type-product","3":"status-publish","4":"has-post-thumbnail","6":"product_cat-accessoires_ancrages_sprayparks","7":"product_cat-chutes-deau-et-cols-de-cygne","9":"first","10":"instock","11":"taxable","12":"shipping-taxable","13":"product-type-simple"},"acf":[],"_links":{"self":[{"href":"https:\/\/roigk.de\/fr\/wp-json\/wp\/v2\/product\/17547","targetHints":{"allow":["GET"]}}],"collection":[{"href":"https:\/\/roigk.de\/fr\/wp-json\/wp\/v2\/product"}],"about":[{"href":"https:\/\/roigk.de\/fr\/wp-json\/wp\/v2\/types\/product"}],"wp:featuredmedia":[{"embeddable":true,"href":"https:\/\/roigk.de\/fr\/wp-json\/wp\/v2\/media\/12722"}],"wp:attachment":[{"href":"https:\/\/roigk.de\/fr\/wp-json\/wp\/v2\/media?parent=17547"}],"wp:term":[{"taxonomy":"product_brand","embeddable":true,"href":"https:\/\/roigk.de\/fr\/wp-json\/wp\/v2\/product_brand?post=17547"},{"taxonomy":"product_cat","embeddable":true,"href":"https:\/\/roigk.de\/fr\/wp-json\/wp\/v2\/product_cat?post=17547"},{"taxonomy":"product_tag","embeddable":true,"href":"https:\/\/roigk.de\/fr\/wp-json\/wp\/v2\/product_tag?post=17547"}],"curies":[{"name":"wp","href":"https:\/\/api.w.org\/{rel}","templated":true}]}}