{"id":17551,"date":"2021-01-19T23:25:49","date_gmt":"2021-01-19T23:25:49","guid":{"rendered":"http:\/\/roigk.de\/produkt\/toboggan-dauphin-pour-enfants-wide-dans-le-bassin-r201906-10\/"},"modified":"2026-01-21T09:14:45","modified_gmt":"2026-01-21T09:14:45","slug":"toboggan-dauphin-pour-enfants-wide-dans-le-bassin-r201906-10","status":"publish","type":"product","link":"https:\/\/roigk.de\/fr\/toboggan-dauphin-pour-enfants-wide-dans-le-bassin-r201906-10\/","title":{"rendered":"Toboggan Dauphin pour enfants WIDE (dans le bassin) R201906-10"},"content":{"rendered":"","protected":false},"excerpt":{"rendered":"<p>Le dauphin saute joyeusement hors de l&rsquo;eau. Ce toboggan est similaire au Dumbi en acier inoxydable et dispose de tous les crit\u00e8res de s\u00e9curit\u00e9.<\/p>\n<p>Classification selon la norme DIN EN 1069 : type 1.1<br \/>Dimensions (L\/L\/H) : 2.100 x 1300 x 1.200 mm<br \/>Hauteur de la plate-forme : 550 mm<br \/>Mat\u00e9riau : acier inoxydable V4A (1.4571)<br \/>Groupe cible : jeunes enfants<br \/>Positionnement : dans le bassin avec WT = 100 \u00e0 400 mm<\/p>\n","protected":false},"featured_media":31050,"template":"","meta":{"_acf_changed":false},"product_brand":[],"product_cat":[305],"product_tag":[],"class_list":{"0":"post-17551","1":"product","2":"type-product","3":"status-publish","4":"has-post-thumbnail","6":"product_cat-toboggans-pour-tout-petits","8":"first","9":"instock","10":"taxable","11":"shipping-taxable","12":"purchasable","13":"product-type-simple"},"acf":[],"_links":{"self":[{"href":"https:\/\/roigk.de\/fr\/wp-json\/wp\/v2\/product\/17551","targetHints":{"allow":["GET"]}}],"collection":[{"href":"https:\/\/roigk.de\/fr\/wp-json\/wp\/v2\/product"}],"about":[{"href":"https:\/\/roigk.de\/fr\/wp-json\/wp\/v2\/types\/product"}],"wp:featuredmedia":[{"embeddable":true,"href":"https:\/\/roigk.de\/fr\/wp-json\/wp\/v2\/media\/31050"}],"wp:attachment":[{"href":"https:\/\/roigk.de\/fr\/wp-json\/wp\/v2\/media?parent=17551"}],"wp:term":[{"taxonomy":"product_brand","embeddable":true,"href":"https:\/\/roigk.de\/fr\/wp-json\/wp\/v2\/product_brand?post=17551"},{"taxonomy":"product_cat","embeddable":true,"href":"https:\/\/roigk.de\/fr\/wp-json\/wp\/v2\/product_cat?post=17551"},{"taxonomy":"product_tag","embeddable":true,"href":"https:\/\/roigk.de\/fr\/wp-json\/wp\/v2\/product_tag?post=17551"}],"curies":[{"name":"wp","href":"https:\/\/api.w.org\/{rel}","templated":true}]}}