{"id":17554,"date":"2021-01-19T23:25:57","date_gmt":"2021-01-19T23:25:57","guid":{"rendered":"http:\/\/roigk.de\/produkt\/toboggan-dauphin-pour-enfants-wide-au-bord-du-bassin-r201906-40\/"},"modified":"2026-01-21T09:14:51","modified_gmt":"2026-01-21T09:14:51","slug":"toboggan-dauphin-pour-enfants-wide-au-bord-du-bassin-r201906-40","status":"publish","type":"product","link":"https:\/\/roigk.de\/fr\/toboggan-dauphin-pour-enfants-wide-au-bord-du-bassin-r201906-40\/","title":{"rendered":"Toboggan Dauphin pour enfants WIDE (au bord du bassin) R201906-40"},"content":{"rendered":"","protected":false},"excerpt":{"rendered":"<p>Semblable au toboggan dauphin.<\/p>\n<p>Pour un atterrissage en douceur, nous recommandons ce toboggan avec extension des nageoirs et avec protection sous-marine pour une s\u00e9curit\u00e9 accrue selon la norme DIN EN 1069 et GUV. La nageoire est sp\u00e9cialement adapt\u00e9e \u00e0 la profondeur de la piscine. La longueur du toboggan change par cons\u00e9quent.<\/p>\n<p>Positionnement : au bord du bassin avec WT = 100 \u00e0 500 mm<\/p>\n","protected":false},"featured_media":17726,"template":"","meta":{"_acf_changed":false},"product_brand":[],"product_cat":[305],"product_tag":[],"class_list":{"0":"post-17554","1":"product","2":"type-product","3":"status-publish","4":"has-post-thumbnail","6":"product_cat-toboggans-pour-tout-petits","8":"first","9":"instock","10":"taxable","11":"shipping-taxable","12":"purchasable","13":"product-type-simple"},"acf":[],"_links":{"self":[{"href":"https:\/\/roigk.de\/fr\/wp-json\/wp\/v2\/product\/17554","targetHints":{"allow":["GET"]}}],"collection":[{"href":"https:\/\/roigk.de\/fr\/wp-json\/wp\/v2\/product"}],"about":[{"href":"https:\/\/roigk.de\/fr\/wp-json\/wp\/v2\/types\/product"}],"wp:featuredmedia":[{"embeddable":true,"href":"https:\/\/roigk.de\/fr\/wp-json\/wp\/v2\/media\/17726"}],"wp:attachment":[{"href":"https:\/\/roigk.de\/fr\/wp-json\/wp\/v2\/media?parent=17554"}],"wp:term":[{"taxonomy":"product_brand","embeddable":true,"href":"https:\/\/roigk.de\/fr\/wp-json\/wp\/v2\/product_brand?post=17554"},{"taxonomy":"product_cat","embeddable":true,"href":"https:\/\/roigk.de\/fr\/wp-json\/wp\/v2\/product_cat?post=17554"},{"taxonomy":"product_tag","embeddable":true,"href":"https:\/\/roigk.de\/fr\/wp-json\/wp\/v2\/product_tag?post=17554"}],"curies":[{"name":"wp","href":"https:\/\/api.w.org\/{rel}","templated":true}]}}