{"id":17858,"date":"2021-02-07T15:58:41","date_gmt":"2021-02-07T15:58:41","guid":{"rendered":"http:\/\/roigk.de\/e-taster-mit-sechkantmutter-er0101-fuer-duschen-mit-piezzo-zeitventil\/"},"modified":"2026-01-21T09:15:20","modified_gmt":"2026-01-21T09:15:20","slug":"e-taster-mit-sechkantmutter-er0101-fuer-duschen-mit-piezzo-zeitventil","status":"publish","type":"product","link":"https:\/\/roigk.de\/fr\/e-taster-mit-sechkantmutter-er0101-fuer-duschen-mit-piezzo-zeitventil\/","title":{"rendered":"E# ER0101 Taster mit Sechskantmutter (f\u00fcr Duschen mit Piezzo Zeitventil)"},"content":{"rendered":"","protected":false},"excerpt":{"rendered":"<p>gem\u00e4\u00df Abbildung<\/p>\n","protected":false},"featured_media":17855,"template":"","meta":{"_acf_changed":false},"product_brand":[],"product_cat":[116],"product_tag":[],"class_list":{"0":"post-17858","1":"product","2":"type-product","3":"status-publish","4":"has-post-thumbnail","6":"product_cat-duschen-ersatzteile","8":"first","9":"instock","10":"taxable","11":"shipping-taxable","12":"purchasable","13":"product-type-simple"},"acf":[],"_links":{"self":[{"href":"https:\/\/roigk.de\/fr\/wp-json\/wp\/v2\/product\/17858","targetHints":{"allow":["GET"]}}],"collection":[{"href":"https:\/\/roigk.de\/fr\/wp-json\/wp\/v2\/product"}],"about":[{"href":"https:\/\/roigk.de\/fr\/wp-json\/wp\/v2\/types\/product"}],"wp:featuredmedia":[{"embeddable":true,"href":"https:\/\/roigk.de\/fr\/wp-json\/wp\/v2\/media\/17855"}],"wp:attachment":[{"href":"https:\/\/roigk.de\/fr\/wp-json\/wp\/v2\/media?parent=17858"}],"wp:term":[{"taxonomy":"product_brand","embeddable":true,"href":"https:\/\/roigk.de\/fr\/wp-json\/wp\/v2\/product_brand?post=17858"},{"taxonomy":"product_cat","embeddable":true,"href":"https:\/\/roigk.de\/fr\/wp-json\/wp\/v2\/product_cat?post=17858"},{"taxonomy":"product_tag","embeddable":true,"href":"https:\/\/roigk.de\/fr\/wp-json\/wp\/v2\/product_tag?post=17858"}],"curies":[{"name":"wp","href":"https:\/\/api.w.org\/{rel}","templated":true}]}}