{"id":18263,"date":"2021-02-18T09:23:41","date_gmt":"2021-02-18T09:23:41","guid":{"rendered":"http:\/\/roigk.de\/produkt\/"},"modified":"2026-01-21T09:15:47","modified_gmt":"2026-01-21T09:15:47","slug":"produkt-2","status":"publish","type":"product","link":"https:\/\/roigk.de\/fr\/produkt-2\/","title":{"rendered":"Z# Pi\u00e8ce d&rsquo;installation\/ancrage au sol R43E-02 (pour douche sur pied R43, R43K, R43P, R43D, douches Oxy)"},"content":{"rendered":"","protected":false},"excerpt":{"rendered":"<p>Pour faciliter le montage et le d\u00e9montage des douches.<br \/>L&rsquo;\u00e9l\u00e9ment final est \u00e9lev\u00e9 sur la fondation \u00e0 l&rsquo;aide de tiges filet\u00e9es.<br \/>Convient aux douches R43, R43K, R43P, R43D, OXY.<\/p>\n","protected":false},"featured_media":31071,"template":"","meta":{"_acf_changed":false},"product_brand":[],"product_cat":[163,174],"product_tag":[],"class_list":{"0":"post-18263","1":"product","2":"type-product","3":"status-publish","4":"has-post-thumbnail","6":"product_cat-douches-verticales-et-equipement-de-piscine-exterieure-fr","7":"product_cat-oxy-douches-pour-enfants","9":"first","10":"instock","11":"taxable","12":"shipping-taxable","13":"purchasable","14":"product-type-simple"},"acf":[],"_links":{"self":[{"href":"https:\/\/roigk.de\/fr\/wp-json\/wp\/v2\/product\/18263","targetHints":{"allow":["GET"]}}],"collection":[{"href":"https:\/\/roigk.de\/fr\/wp-json\/wp\/v2\/product"}],"about":[{"href":"https:\/\/roigk.de\/fr\/wp-json\/wp\/v2\/types\/product"}],"wp:featuredmedia":[{"embeddable":true,"href":"https:\/\/roigk.de\/fr\/wp-json\/wp\/v2\/media\/31071"}],"wp:attachment":[{"href":"https:\/\/roigk.de\/fr\/wp-json\/wp\/v2\/media?parent=18263"}],"wp:term":[{"taxonomy":"product_brand","embeddable":true,"href":"https:\/\/roigk.de\/fr\/wp-json\/wp\/v2\/product_brand?post=18263"},{"taxonomy":"product_cat","embeddable":true,"href":"https:\/\/roigk.de\/fr\/wp-json\/wp\/v2\/product_cat?post=18263"},{"taxonomy":"product_tag","embeddable":true,"href":"https:\/\/roigk.de\/fr\/wp-json\/wp\/v2\/product_tag?post=18263"}],"curies":[{"name":"wp","href":"https:\/\/api.w.org\/{rel}","templated":true}]}}