{"id":18312,"date":"2021-02-27T14:50:57","date_gmt":"2021-02-27T14:51:02","guid":{"rendered":"http:\/\/roigk.de\/tour-de-plongeoir-3-m-avec-planche-en-acier-inoxydable-r250-vg-avec-garde-corps-en-verre-securite\/"},"modified":"2023-05-02T12:28:32","modified_gmt":"2023-05-02T12:28:32","slug":"tour-de-plongeoir-3-m-avec-planche-en-acier-inoxydable-r250-vg-avec-garde-corps-en-verre-securite","status":"publish","type":"product","link":"https:\/\/roigk.de\/fr\/tour-de-plongeoir-3-m-avec-planche-en-acier-inoxydable-r250-vg-avec-garde-corps-en-verre-securite\/","title":{"rendered":"Tour de plongeoir 3 m avec planche en acier inoxydable R250-VG avec Garde-corps en verre securite"},"content":{"rendered":"","protected":false},"excerpt":{"rendered":"<p>Aspect discret sur une seule colonne ronde. Avec une garde-corps en verre plein VSG pour un look particuli\u00e8rement l\u00e9ger.&nbsp; Il est possible de monter par la droite ou par la gauche. Le tremplin est \u00e9quip\u00e9 pour recevoir le r\u00e9glage des rouleaux Roigk R771252, l\u2019amortisseur de bruit Roigk R32 et le palier d\u2019extr\u00e9mit\u00e9 Roigk R31 ou encore la base de tremplin Durafirm R771161.<\/p>\n<p>Profondeur d\u2019eau minimale requise selon la norme : 3.700 mm<br \/>Mat\u00e9riau : rev\u00eatement fibre de verre renforc\u00e9e, acier inoxydable 1.4571 (316Ti) \u00e9lectropoli<br \/>Sur demande, le syst\u00e8me peut \u00e9galement \u00eatre rev\u00eatu de couleur.<\/p>\n","protected":false},"featured_media":18309,"template":"","meta":{"_acf_changed":false},"product_brand":[],"product_cat":[161],"product_tag":[],"class_list":{"0":"post-18312","1":"product","2":"type-product","3":"status-publish","4":"has-post-thumbnail","6":"product_cat-plongeoirs","8":"first","9":"instock","10":"taxable","11":"shipping-taxable","12":"purchasable","13":"product-type-simple"},"acf":[],"_links":{"self":[{"href":"https:\/\/roigk.de\/fr\/wp-json\/wp\/v2\/product\/18312","targetHints":{"allow":["GET"]}}],"collection":[{"href":"https:\/\/roigk.de\/fr\/wp-json\/wp\/v2\/product"}],"about":[{"href":"https:\/\/roigk.de\/fr\/wp-json\/wp\/v2\/types\/product"}],"wp:featuredmedia":[{"embeddable":true,"href":"https:\/\/roigk.de\/fr\/wp-json\/wp\/v2\/media\/18309"}],"wp:attachment":[{"href":"https:\/\/roigk.de\/fr\/wp-json\/wp\/v2\/media?parent=18312"}],"wp:term":[{"taxonomy":"product_brand","embeddable":true,"href":"https:\/\/roigk.de\/fr\/wp-json\/wp\/v2\/product_brand?post=18312"},{"taxonomy":"product_cat","embeddable":true,"href":"https:\/\/roigk.de\/fr\/wp-json\/wp\/v2\/product_cat?post=18312"},{"taxonomy":"product_tag","embeddable":true,"href":"https:\/\/roigk.de\/fr\/wp-json\/wp\/v2\/product_tag?post=18312"}],"curies":[{"name":"wp","href":"https:\/\/api.w.org\/{rel}","templated":true}]}}