{"id":18334,"date":"2021-02-27T15:44:38","date_gmt":"2021-02-27T15:44:44","guid":{"rendered":"http:\/\/roigk.de\/tour-de-plongeoir-5-m-en-acier-inoxydable-r270-vg-avec-garde-corps-en-verre-securite\/"},"modified":"2023-05-02T12:29:32","modified_gmt":"2023-05-02T12:29:32","slug":"tour-de-plongeoir-5-m-en-acier-inoxydable-r270-vg-avec-garde-corps-en-verre-securite","status":"publish","type":"product","link":"https:\/\/roigk.de\/fr\/tour-de-plongeoir-5-m-en-acier-inoxydable-r270-vg-avec-garde-corps-en-verre-securite\/","title":{"rendered":"Tour de plongeoir 5 m en acier inoxydable R270-VG avec Garde-corps en verre securite"},"content":{"rendered":"","protected":false},"excerpt":{"rendered":"<p><span>Avec une garde-corps en verre plein VSG pour un look particuli\u00e8rement l\u00e9ger.<\/span><\/p>\n<p><span>Convenant aux installations plus importantes, la fixation avant du tremplin se fait sur une grande colonne ronde.<\/span> Il est possible de monter par la droite ou par la gauche. Le mod\u00e8le de 5 m doit toujours \u00eatre combin\u00e9 avec un mod\u00e8le de 3 m, car les \u00e9chelles ne peuvent avoir qu\u2019une longueur maximale de 3 000 mm.<\/p>\n<p>Profondeur d\u2019eau minimale requise selon la norme : 3 700 mm<br \/>Mat\u00e9riau : rev\u00eatement fibre de verre renforc\u00e9e, acier inoxydable 1.4571 (316Ti) \u00e9lectropoli<br \/>Sur demande, le syst\u00e8me peut \u00e9galement \u00eatre rev\u00eatu de couleur.<\/p>\n<p>&nbsp;<\/p>\n","protected":false},"featured_media":18328,"template":"","meta":{"_acf_changed":false},"product_brand":[],"product_cat":[161],"product_tag":[],"class_list":{"0":"post-18334","1":"product","2":"type-product","3":"status-publish","4":"has-post-thumbnail","6":"product_cat-plongeoirs","8":"first","9":"instock","10":"taxable","11":"shipping-taxable","12":"purchasable","13":"product-type-simple"},"acf":[],"_links":{"self":[{"href":"https:\/\/roigk.de\/fr\/wp-json\/wp\/v2\/product\/18334","targetHints":{"allow":["GET"]}}],"collection":[{"href":"https:\/\/roigk.de\/fr\/wp-json\/wp\/v2\/product"}],"about":[{"href":"https:\/\/roigk.de\/fr\/wp-json\/wp\/v2\/types\/product"}],"wp:featuredmedia":[{"embeddable":true,"href":"https:\/\/roigk.de\/fr\/wp-json\/wp\/v2\/media\/18328"}],"wp:attachment":[{"href":"https:\/\/roigk.de\/fr\/wp-json\/wp\/v2\/media?parent=18334"}],"wp:term":[{"taxonomy":"product_brand","embeddable":true,"href":"https:\/\/roigk.de\/fr\/wp-json\/wp\/v2\/product_brand?post=18334"},{"taxonomy":"product_cat","embeddable":true,"href":"https:\/\/roigk.de\/fr\/wp-json\/wp\/v2\/product_cat?post=18334"},{"taxonomy":"product_tag","embeddable":true,"href":"https:\/\/roigk.de\/fr\/wp-json\/wp\/v2\/product_tag?post=18334"}],"curies":[{"name":"wp","href":"https:\/\/api.w.org\/{rel}","templated":true}]}}