{"id":18804,"date":"2020-07-21T09:22:39","date_gmt":"2020-07-21T09:22:39","guid":{"rendered":"http:\/\/roigk.de\/o-bord-de-securite-pour-marches-pour-escaliers-de-piscine\/"},"modified":"2026-01-21T08:45:26","modified_gmt":"2026-01-21T08:45:26","slug":"o-bord-de-securite-pour-marches-pour-escaliers-de-piscine","status":"publish","type":"product","link":"https:\/\/roigk.de\/fr\/o-bord-de-securite-pour-marches-pour-escaliers-de-piscine\/","title":{"rendered":"O# Bord de s\u00e9curit\u00e9 pour marches (pour escaliers de piscine)"},"content":{"rendered":"","protected":false},"excerpt":{"rendered":"<p>Bord antid\u00e9rapant en GRP (plastique renforc\u00e9 de fibres de verre) pour augmenter l&rsquo;effet antid\u00e9rapant sur les bords des marches et pour une meilleure visibilit\u00e9<\/p>\n<p>Couleur standard : jaune<\/p>\n","protected":false},"featured_media":12217,"template":"","meta":{"_acf_changed":false},"product_brand":[],"product_cat":[166],"product_tag":[],"class_list":{"0":"post-18804","1":"product","2":"type-product","3":"status-publish","4":"has-post-thumbnail","6":"product_cat-escaliers-garde-corps-et-echelles","8":"first","9":"instock","10":"taxable","11":"shipping-taxable","12":"purchasable","13":"product-type-simple"},"acf":[],"_links":{"self":[{"href":"https:\/\/roigk.de\/fr\/wp-json\/wp\/v2\/product\/18804","targetHints":{"allow":["GET"]}}],"collection":[{"href":"https:\/\/roigk.de\/fr\/wp-json\/wp\/v2\/product"}],"about":[{"href":"https:\/\/roigk.de\/fr\/wp-json\/wp\/v2\/types\/product"}],"wp:featuredmedia":[{"embeddable":true,"href":"https:\/\/roigk.de\/fr\/wp-json\/wp\/v2\/media\/12217"}],"wp:attachment":[{"href":"https:\/\/roigk.de\/fr\/wp-json\/wp\/v2\/media?parent=18804"}],"wp:term":[{"taxonomy":"product_brand","embeddable":true,"href":"https:\/\/roigk.de\/fr\/wp-json\/wp\/v2\/product_brand?post=18804"},{"taxonomy":"product_cat","embeddable":true,"href":"https:\/\/roigk.de\/fr\/wp-json\/wp\/v2\/product_cat?post=18804"},{"taxonomy":"product_tag","embeddable":true,"href":"https:\/\/roigk.de\/fr\/wp-json\/wp\/v2\/product_tag?post=18804"}],"curies":[{"name":"wp","href":"https:\/\/api.w.org\/{rel}","templated":true}]}}