{"id":18917,"date":"2020-10-06T08:50:16","date_gmt":"2020-10-06T08:50:16","guid":{"rendered":"http:\/\/roigk.de\/e-rosette-en-acier-inoxydable-260-114-en-deux-parties-pour-cols-de-cygne-dn100\/"},"modified":"2026-01-21T09:13:52","modified_gmt":"2026-01-21T09:13:52","slug":"e-rosette-en-acier-inoxydable-260-114-en-deux-parties-pour-cols-de-cygne-dn100-2","status":"publish","type":"product","link":"https:\/\/roigk.de\/fr\/e-rosette-en-acier-inoxydable-260-114-en-deux-parties-pour-cols-de-cygne-dn100-2\/","title":{"rendered":"E# Rosette en acier inoxydable 260\/114 en deux parties (pour cols de cygne DN100)"},"content":{"rendered":"","protected":false},"excerpt":{"rendered":"<p>Deux pi\u00e8ces pour la r\u00e9novation<\/p>\n<p>Diam\u00e8tre ext\u00e9rieur d&rsquo;environ 260 mm<br \/>Diam\u00e8tre int\u00e9rieur d&rsquo;environ 114,5 mm<br \/>Mat\u00e9riau : acier inoxydable V4A (1.4404) grenaill\u00e9 et \u00e9lectropoli<\/p>\n","protected":false},"featured_media":13851,"template":"","meta":{"_acf_changed":false},"product_brand":[],"product_cat":[137],"product_tag":[],"class_list":{"0":"post-18917","1":"product","2":"type-product","3":"status-publish","4":"has-post-thumbnail","6":"product_cat-attractions-et-cols-de-cygne-pieces-detachees","8":"first","9":"instock","10":"taxable","11":"shipping-taxable","12":"purchasable","13":"product-type-simple"},"acf":[],"_links":{"self":[{"href":"https:\/\/roigk.de\/fr\/wp-json\/wp\/v2\/product\/18917","targetHints":{"allow":["GET"]}}],"collection":[{"href":"https:\/\/roigk.de\/fr\/wp-json\/wp\/v2\/product"}],"about":[{"href":"https:\/\/roigk.de\/fr\/wp-json\/wp\/v2\/types\/product"}],"wp:featuredmedia":[{"embeddable":true,"href":"https:\/\/roigk.de\/fr\/wp-json\/wp\/v2\/media\/13851"}],"wp:attachment":[{"href":"https:\/\/roigk.de\/fr\/wp-json\/wp\/v2\/media?parent=18917"}],"wp:term":[{"taxonomy":"product_brand","embeddable":true,"href":"https:\/\/roigk.de\/fr\/wp-json\/wp\/v2\/product_brand?post=18917"},{"taxonomy":"product_cat","embeddable":true,"href":"https:\/\/roigk.de\/fr\/wp-json\/wp\/v2\/product_cat?post=18917"},{"taxonomy":"product_tag","embeddable":true,"href":"https:\/\/roigk.de\/fr\/wp-json\/wp\/v2\/product_tag?post=18917"}],"curies":[{"name":"wp","href":"https:\/\/api.w.org\/{rel}","templated":true}]}}