{"id":24928,"date":"2023-01-26T20:41:10","date_gmt":"2023-01-26T20:41:10","guid":{"rendered":"https:\/\/roigk.de\/z-sous-structure-du-tremplin-durafirm-palier-dextremite-et-reglage-des-rouleaux-r771161n-pour-plongeoir-duraflex\/"},"modified":"2026-01-21T09:17:39","modified_gmt":"2026-01-21T09:17:39","slug":"z-sous-structure-du-tremplin-durafirm-palier-dextremite-et-reglage-des-rouleaux-r771161n-pour-plongeoir-duraflex","status":"publish","type":"product","link":"https:\/\/roigk.de\/fr\/z-sous-structure-du-tremplin-durafirm-palier-dextremite-et-reglage-des-rouleaux-r771161n-pour-plongeoir-duraflex\/","title":{"rendered":"Z# Sous-structure du tremplin Durafirm (palier d&rsquo;extr\u00e9mit\u00e9 et r\u00e9glage des rouleaux) R771161N (pour plongeoir Duraflex)"},"content":{"rendered":"","protected":false},"excerpt":{"rendered":"<p>Convient aux tremplins MAXI B et DURAFLEX.<\/p>\n<p>Le DURAFIRM Short-Stand se compose d&#8217;un palier d&#8217;extr\u00e9mit\u00e9 et d&#8217;un dispositif de r\u00e9glage des rouleaux, con\u00e7u pour \u00eatre mont\u00e9 sur des plates-formes en b\u00e9ton, en acier, en acier inoxydable ou sur d&#8217;autres structures de support pr\u00e9fabriqu\u00e9es.<\/p>\n<p>Pi\u00e8ces du bo\u00eetier : fonte d&#8217;aluminium lourde, anodis\u00e9e, rev\u00eatement par poudre<br \/>M\u00e9canique : aluminium press\u00e9, trait\u00e9 thermiquement, anodis\u00e9 dur, roulements ac\u00e9tal\/t\u00e9flon rempla\u00e7ables<br \/>R\u00e9sistance \u00e0 la compression et \u00e0 la traction : 35 000 psi<\/p>\n","protected":false},"featured_media":24916,"template":"","meta":{"_acf_changed":false},"product_brand":[],"product_cat":[161],"product_tag":[],"class_list":{"0":"post-24928","1":"product","2":"type-product","3":"status-publish","4":"has-post-thumbnail","6":"product_cat-plongeoirs","8":"first","9":"instock","10":"taxable","11":"shipping-taxable","12":"purchasable","13":"product-type-simple"},"acf":[],"_links":{"self":[{"href":"https:\/\/roigk.de\/fr\/wp-json\/wp\/v2\/product\/24928","targetHints":{"allow":["GET"]}}],"collection":[{"href":"https:\/\/roigk.de\/fr\/wp-json\/wp\/v2\/product"}],"about":[{"href":"https:\/\/roigk.de\/fr\/wp-json\/wp\/v2\/types\/product"}],"wp:featuredmedia":[{"embeddable":true,"href":"https:\/\/roigk.de\/fr\/wp-json\/wp\/v2\/media\/24916"}],"wp:attachment":[{"href":"https:\/\/roigk.de\/fr\/wp-json\/wp\/v2\/media?parent=24928"}],"wp:term":[{"taxonomy":"product_brand","embeddable":true,"href":"https:\/\/roigk.de\/fr\/wp-json\/wp\/v2\/product_brand?post=24928"},{"taxonomy":"product_cat","embeddable":true,"href":"https:\/\/roigk.de\/fr\/wp-json\/wp\/v2\/product_cat?post=24928"},{"taxonomy":"product_tag","embeddable":true,"href":"https:\/\/roigk.de\/fr\/wp-json\/wp\/v2\/product_tag?post=24928"}],"curies":[{"name":"wp","href":"https:\/\/api.w.org\/{rel}","templated":true}]}}