{"id":25084,"date":"2020-10-31T22:18:13","date_gmt":"2020-10-31T22:18:13","guid":{"rendered":"https:\/\/roigk.de\/gargouille-r8216-89-b-1-4539-resistante-au-soleil-effet-laminaire-large\/"},"modified":"2023-02-06T08:18:29","modified_gmt":"2023-02-06T08:18:29","slug":"gargouille-r8216-89-b-1-4539-sol-base-effet-laminaire-large","status":"publish","type":"product","link":"https:\/\/roigk.de\/fr\/gargouille-r8216-89-b-1-4539-sol-base-effet-laminaire-large\/","title":{"rendered":"Gargouille R8216-89-B-1.4539 R\u00c9SISTANTE AU SOLEIL (effet laminaire large)"},"content":{"rendered":"<p>Gargouille large 88,9 mm SOLIDAIRE Gargouille en tube inox cintr\u00e9 \u00e0 paroi \u00e9paisse (min. 88,9 mm) avec sortie large. Mat\u00e9riaux, mode de r\u00e9alisation : structure porteuse, syst\u00e8mes de fixation au moins en acier inoxydable 1.4539 ; cintrage r\u00e9alis\u00e9 sur des cintreuses automatiques sans ondulations et sans coudes \u00e0 souder. Surface en acier inoxydable grenaill\u00e9 et \u00e9lectropoli. Dimensions : Hauteur 1400 mm Effets de l&rsquo;eau : Large \u00e9coulement d&rsquo;eau r\u00e9gulier (env. 130 mm) Raccord \u00e0 bride : DN 100, 8 x M12 non biseaut\u00e9, bride libre Exigences hydrauliques : Les d\u00e9bits doivent \u00eatre optimis\u00e9s en ce qui concerne l&rsquo;exp\u00e9rience et le passage de l&rsquo;eau ; d\u00e9bit max. d\u00e9bit autoris\u00e9 6 &#8211; 12 m\u00b3\/h ; les effets de l&rsquo;eau des d\u00e9bits min. indiqu\u00e9s ci-dessus et max. Les d\u00e9bits d&rsquo;eau autoris\u00e9s doivent \u00eatre document\u00e9s par des enregistrements vid\u00e9o. Marque : Roigk Gargouille R8216-89-B-1.4539 ou type \u00e9quivalent Marque propos\u00e9e : &#8230;&#8230;&#8230;&#8230;&#8230;&#8230;&#8230;&#8230;&#8230;&#8230;&#8230;&#8230;&#8230;&#8230;&#8230;&#8230;&#8230;<\/p>\n","protected":false},"excerpt":{"rendered":"<p>Gargouille en acier inoxydable sp\u00e9cial avec surface correspondante r\u00e9sistante \u00e0 l&rsquo;eau sal\u00e9e pour une utilisation dans les piscines d&rsquo;eau sal\u00e9e \/ saum\u00e2tre. Heavy Duty pour les piscines publiques.<\/p>\n<p>Effet laminaire large, surface mate brillante de haute qualit\u00e9.&nbsp;<\/p>\n<p>Taille du tube : 89 mm<br \/>Largeur de sortie : 130 mm<br \/>Hauteur : 1.400 mm ou hauteur sp\u00e9ciale<br \/>profondeur : 750 mm<br \/>D\u00e9bit d&rsquo;eau : env. 5,8 \u00e0 12 m\u00b3\/h<br \/>Pression de l&rsquo;eau : env. 0,125 \u00e0 0,175 bar<br \/>Mat\u00e9riau : <u><br \/>\n  <b>Acier inoxydable V4A (1.4539)<\/b><br \/>\n<\/u><\/p>\n","protected":false},"featured_media":14140,"template":"","meta":{"_acf_changed":false},"product_brand":[],"product_cat":[188],"product_tag":[],"class_list":{"0":"post-25084","1":"product","2":"type-product","3":"status-publish","4":"has-post-thumbnail","6":"product_cat-chutes-deau-et-cols-de-cygne","8":"first","9":"instock","10":"taxable","11":"shipping-taxable","12":"purchasable","13":"product-type-simple"},"acf":[],"_links":{"self":[{"href":"https:\/\/roigk.de\/fr\/wp-json\/wp\/v2\/product\/25084","targetHints":{"allow":["GET"]}}],"collection":[{"href":"https:\/\/roigk.de\/fr\/wp-json\/wp\/v2\/product"}],"about":[{"href":"https:\/\/roigk.de\/fr\/wp-json\/wp\/v2\/types\/product"}],"wp:featuredmedia":[{"embeddable":true,"href":"https:\/\/roigk.de\/fr\/wp-json\/wp\/v2\/media\/14140"}],"wp:attachment":[{"href":"https:\/\/roigk.de\/fr\/wp-json\/wp\/v2\/media?parent=25084"}],"wp:term":[{"taxonomy":"product_brand","embeddable":true,"href":"https:\/\/roigk.de\/fr\/wp-json\/wp\/v2\/product_brand?post=25084"},{"taxonomy":"product_cat","embeddable":true,"href":"https:\/\/roigk.de\/fr\/wp-json\/wp\/v2\/product_cat?post=25084"},{"taxonomy":"product_tag","embeddable":true,"href":"https:\/\/roigk.de\/fr\/wp-json\/wp\/v2\/product_tag?post=25084"}],"curies":[{"name":"wp","href":"https:\/\/api.w.org\/{rel}","templated":true}]}}