{"id":25274,"date":"2023-03-04T12:34:37","date_gmt":"2023-03-04T12:34:37","guid":{"rendered":"https:\/\/roigk.de\/oxy-nymphea-avec-buse-en-caoutchouc-souple-r003-018-10\/"},"modified":"2026-01-21T09:19:46","modified_gmt":"2026-01-21T09:19:46","slug":"oxy-nymphea-avec-buse-en-caoutchouc-souple-r003-018-10","status":"publish","type":"product","link":"https:\/\/roigk.de\/fr\/oxy-nymphea-avec-buse-en-caoutchouc-souple-r003-018-10\/","title":{"rendered":"OXY Nymph\u00e9a avec buse en caoutchouc souple R003-018-10"},"content":{"rendered":"","protected":false},"excerpt":{"rendered":"<p>Avec un tr\u00e8s grand embout rose en caoutchouc souple pour toucher en douceur, sentir l&rsquo;eau et d\u00e9vier le jet d&rsquo;eau. Tr\u00e8s bas : sp\u00e9cialement con\u00e7u pour les petits enfants.<\/p>\n<p>Hauteur : 410 mm<br \/>D\u00e9bit d&rsquo;eau : 15 l\/min<br \/>Pression de l&rsquo;eau : 0,1 bar<br \/>Groupe cible : enfants et petits enfants<br \/>Positionnement : Bassins pour petits enfants ou espaces de jeux d&rsquo;eau (WT max. recommand\u00e9 = 300 mm ou plus avec hauteur sp\u00e9ciale)<br \/>Mat\u00e9riau : acier inoxydable V4A (1.4571), caoutchouc souple<\/p>\n","protected":false},"featured_media":26464,"template":"","meta":{"_acf_changed":false},"product_brand":[],"product_cat":[173],"product_tag":[],"class_list":{"0":"post-25274","1":"product","2":"type-product","3":"status-publish","4":"has-post-thumbnail","6":"product_cat-oxy-un-veritable-plaisir-aquatique","8":"first","9":"instock","10":"taxable","11":"shipping-taxable","12":"purchasable","13":"product-type-simple"},"acf":[],"_links":{"self":[{"href":"https:\/\/roigk.de\/fr\/wp-json\/wp\/v2\/product\/25274","targetHints":{"allow":["GET"]}}],"collection":[{"href":"https:\/\/roigk.de\/fr\/wp-json\/wp\/v2\/product"}],"about":[{"href":"https:\/\/roigk.de\/fr\/wp-json\/wp\/v2\/types\/product"}],"wp:featuredmedia":[{"embeddable":true,"href":"https:\/\/roigk.de\/fr\/wp-json\/wp\/v2\/media\/26464"}],"wp:attachment":[{"href":"https:\/\/roigk.de\/fr\/wp-json\/wp\/v2\/media?parent=25274"}],"wp:term":[{"taxonomy":"product_brand","embeddable":true,"href":"https:\/\/roigk.de\/fr\/wp-json\/wp\/v2\/product_brand?post=25274"},{"taxonomy":"product_cat","embeddable":true,"href":"https:\/\/roigk.de\/fr\/wp-json\/wp\/v2\/product_cat?post=25274"},{"taxonomy":"product_tag","embeddable":true,"href":"https:\/\/roigk.de\/fr\/wp-json\/wp\/v2\/product_tag?post=25274"}],"curies":[{"name":"wp","href":"https:\/\/api.w.org\/{rel}","templated":true}]}}