{"id":25285,"date":"2023-03-04T23:39:12","date_gmt":"2023-03-04T23:39:12","guid":{"rendered":"https:\/\/roigk.de\/?post_type=product&#038;p=25285"},"modified":"2026-01-21T09:19:50","modified_gmt":"2026-01-21T09:19:50","slug":"z-sprungturm-schild-als-aufkleber-r202301-20","status":"publish","type":"product","link":"https:\/\/roigk.de\/fr\/z-sprungturm-schild-als-aufkleber-r202301-20\/","title":{"rendered":"Z# Sprungturm Schild 350 x 740 als Aufkleber R202301-20"},"content":{"rendered":"","protected":false},"excerpt":{"rendered":"<p>Als Aufkleber. Speziell geeignet zum Aufkleben z.B. auf Sprungturms\u00e4ulen oder auf dem F\u00fcllblech der Roigk 1m Sprungt\u00fcrme.<\/p>\n<p>Gr\u00f6\u00dfe: 350 x 740 mm<\/p>\n<p>&nbsp;<\/p>\n<p><span>So geht es richtig! Mitch erkl\u00e4rt das richtige Verhalten an einer Sprunganlage im Schwimmbad.<\/span><\/p>\n<p><span>Brauche ich sowas?<\/span><br \/><span>Gem\u00e4\u00df DIN EN 13451-10:2018-11 \u201eSchwimmbadger\u00e4te &#8211; Teil 10: Zus\u00e4tzliche besondere sicherheitstechnische Anforderungen und Pr\u00fcfverfahren f\u00fcr Sprungplattformen, Sprungbretter und zugeh\u00f6rige Ger\u00e4te\u201c und DIN EN 15288-1:2019-05 \u201eSchwimmb\u00e4der f\u00fcr \u00f6ffentliche Nutzung &#8211; Teil 1: Sicherheitstechnische Anforderungen an Planung und Bau\u201c (beide zum Download beim <\/span><span>#beuthverlag<\/span><span>) muss f\u00fcr eine Sprunganlage eine Risikoanalyse durchgef\u00fchrt werden. Auf Grundlage dieser Analyse m\u00fcssen dann die Nutzungsbedingungen f\u00fcr die Nutzer durch Aushang bekannt gegeben werden.<\/span><\/p>\n<p><span>Wir haben dies zum Anlass genommen, gemeinsam mit <\/span><span>@baedercoach<\/span><span> eine allgemeing\u00fcltige L\u00f6sung zu entwickeln. Auch wenn diese im Einzelfall nicht ganz zu jedem Bad passt, so zeigt das Plakat dennoch die Grundregeln in verst\u00e4ndlicher Form, mit Bildern und Text.<\/span><\/p>\n","protected":false},"featured_media":25282,"template":"","meta":{"_acf_changed":false},"product_brand":[],"product_cat":[113],"product_tag":[],"class_list":{"0":"post-25285","1":"product","2":"type-product","3":"status-publish","4":"has-post-thumbnail","6":"product_cat-sprungtuerme-ersatzteile","8":"first","9":"instock","10":"taxable","11":"shipping-taxable","12":"purchasable","13":"product-type-simple"},"acf":[],"_links":{"self":[{"href":"https:\/\/roigk.de\/fr\/wp-json\/wp\/v2\/product\/25285","targetHints":{"allow":["GET"]}}],"collection":[{"href":"https:\/\/roigk.de\/fr\/wp-json\/wp\/v2\/product"}],"about":[{"href":"https:\/\/roigk.de\/fr\/wp-json\/wp\/v2\/types\/product"}],"wp:featuredmedia":[{"embeddable":true,"href":"https:\/\/roigk.de\/fr\/wp-json\/wp\/v2\/media\/25282"}],"wp:attachment":[{"href":"https:\/\/roigk.de\/fr\/wp-json\/wp\/v2\/media?parent=25285"}],"wp:term":[{"taxonomy":"product_brand","embeddable":true,"href":"https:\/\/roigk.de\/fr\/wp-json\/wp\/v2\/product_brand?post=25285"},{"taxonomy":"product_cat","embeddable":true,"href":"https:\/\/roigk.de\/fr\/wp-json\/wp\/v2\/product_cat?post=25285"},{"taxonomy":"product_tag","embeddable":true,"href":"https:\/\/roigk.de\/fr\/wp-json\/wp\/v2\/product_tag?post=25285"}],"curies":[{"name":"wp","href":"https:\/\/api.w.org\/{rel}","templated":true}]}}