{"id":25528,"date":"2023-03-19T20:10:47","date_gmt":"2023-03-19T20:10:47","guid":{"rendered":"https:\/\/roigk.de\/oxy-douche-flamant-rose-r201909-90\/"},"modified":"2026-01-21T08:38:19","modified_gmt":"2026-01-21T08:38:19","slug":"oxy-douche-flamant-rose-r201909-90","status":"publish","type":"product","link":"https:\/\/roigk.de\/fr\/oxy-douche-flamant-rose-r201909-90\/","title":{"rendered":"OXY Douche Flamant rose R201909-90"},"content":{"rendered":"","protected":false},"excerpt":{"rendered":"<p>Il \u00e9tait une fois une petite fille nomm\u00e9e L\u00e9onie qui adorait jouer dans l&rsquo;eau. Un jour, elle d\u00e9couvrit une douche tr\u00e8s sp\u00e9ciale \u00e0 la piscine : une douche con\u00e7ue comme un charmant flamant rose !<br \/>L\u00e9onie ne put s&#8217;emp\u00eacher de s&rsquo;en approcher avec curiosit\u00e9 et de jouer avec le flamant rose. \u00c0 sa grande surprise, elle se sentit imm\u00e9diatement \u00e0 l&rsquo;aise sous le doux jet d&rsquo;eau qui coulait du bec du flamant. Alors qu&rsquo;elle jouait et riait, elle se nettoyait aussi en m\u00eame temps !<br \/>La douche pour enfants transforma la piscine en un lieu de joie et de bonheur. L&rsquo;eau de la piscine restait plus propre car les petits nageurs se douchaient avec enthousiasme. Les familles se sentaient compl\u00e8tement \u00e0 l&rsquo;aise dans cette atmosph\u00e8re conviviale et profitaient encore plus de leur temps \u00e0 la piscine.<br \/>Ainsi, l&rsquo;histoire de L\u00e9onie et du flamant rose eut une fin heureuse pour tous \u2013 gr\u00e2ce \u00e0 une douche ludique qui apportait de la joie aux enfants et cr\u00e9ait une piscine plus propre et conviviale pour les familles.<\/p>\n<p>Hauteur de sortie d&rsquo;eau : 1700 mm (ou hauteur personnalis\u00e9e)<br \/>D\u00e9bit d&rsquo;eau : 5 \u00e0 10 l\/min<br \/>Pression : 1 \u00e0 4 bars<br \/>Mat\u00e9riau : Acier inoxydable V4A (1.4404) rev\u00eatu de poudre<\/p>\n","protected":false},"featured_media":25519,"template":"","meta":{"_acf_changed":false},"product_brand":[],"product_cat":[163,174],"product_tag":[],"class_list":{"0":"post-25528","1":"product","2":"type-product","3":"status-publish","4":"has-post-thumbnail","6":"product_cat-douches-verticales-et-equipement-de-piscine-exterieure-fr","7":"product_cat-oxy-douches-pour-enfants","9":"first","10":"instock","11":"taxable","12":"shipping-taxable","13":"purchasable","14":"product-type-simple"},"acf":[],"_links":{"self":[{"href":"https:\/\/roigk.de\/fr\/wp-json\/wp\/v2\/product\/25528","targetHints":{"allow":["GET"]}}],"collection":[{"href":"https:\/\/roigk.de\/fr\/wp-json\/wp\/v2\/product"}],"about":[{"href":"https:\/\/roigk.de\/fr\/wp-json\/wp\/v2\/types\/product"}],"wp:featuredmedia":[{"embeddable":true,"href":"https:\/\/roigk.de\/fr\/wp-json\/wp\/v2\/media\/25519"}],"wp:attachment":[{"href":"https:\/\/roigk.de\/fr\/wp-json\/wp\/v2\/media?parent=25528"}],"wp:term":[{"taxonomy":"product_brand","embeddable":true,"href":"https:\/\/roigk.de\/fr\/wp-json\/wp\/v2\/product_brand?post=25528"},{"taxonomy":"product_cat","embeddable":true,"href":"https:\/\/roigk.de\/fr\/wp-json\/wp\/v2\/product_cat?post=25528"},{"taxonomy":"product_tag","embeddable":true,"href":"https:\/\/roigk.de\/fr\/wp-json\/wp\/v2\/product_tag?post=25528"}],"curies":[{"name":"wp","href":"https:\/\/api.w.org\/{rel}","templated":true}]}}