{"id":25540,"date":"2023-03-19T20:30:33","date_gmt":"2023-03-19T20:30:33","guid":{"rendered":"https:\/\/roigk.de\/oxy-douche-crabe-r201909-40\/"},"modified":"2026-01-21T08:38:35","modified_gmt":"2026-01-21T08:38:35","slug":"oxy-douche-crabe-r201909-40","status":"publish","type":"product","link":"https:\/\/roigk.de\/fr\/oxy-douche-crabe-r201909-40\/","title":{"rendered":"OXY Douche Crabe R201909-40"},"content":{"rendered":"","protected":false},"excerpt":{"rendered":"<p>Il \u00e9tait une fois un petit gar\u00e7on nomm\u00e9 Basti qui adorait \u00e9clabousser dans l&rsquo;eau. Un jour, il d\u00e9couvrit une douche tr\u00e8s sp\u00e9ciale \u00e0 la piscine : une douche en forme de crabe amical !<br \/>Basti ne put s&#8217;emp\u00eacher de s&rsquo;approcher du crabe avec curiosit\u00e9 et de ramper sous lui. \u00c0 sa grande surprise, il se sentit imm\u00e9diatement \u00e0 l&rsquo;aise sous le doux jet d&rsquo;eau qui coulait des antennes du crabe. Alors qu&rsquo;il jouait et riait, il se nettoyait \u00e9galement !<br \/>La douche pour enfants transforma la piscine en un lieu plein de joie et de bonheur. L&rsquo;eau de la piscine restait plus propre, car les petits nageurs se douchaient avec enthousiasme. Les familles se sentaient compl\u00e8tement \u00e0 l&rsquo;aise dans cette atmosph\u00e8re conviviale et profitaient encore plus de leur temps \u00e0 la piscine.<br \/>Ainsi, l&rsquo;histoire de Basti et du crabe eut une fin heureuse pour tous \u2013 gr\u00e2ce \u00e0 une douche ludique qui apportait de la joie aux enfants et garantissait une piscine plus propre et adapt\u00e9e aux familles.<\/p>\n<p>Hauteur de sortie d&rsquo;eau : 1700 mm (ou hauteur sp\u00e9ciale)<br \/>D\u00e9bit d&rsquo;eau : 5 \u00e0 10 l\/min<br \/>Pression : 1 \u00e0 4 bar<br \/>Mat\u00e9riau : acier inoxydable V4A (1.4404) rev\u00eatu de poudre<\/p>\n","protected":false},"featured_media":25531,"template":"","meta":{"_acf_changed":false},"product_brand":[],"product_cat":[163,174],"product_tag":[],"class_list":{"0":"post-25540","1":"product","2":"type-product","3":"status-publish","4":"has-post-thumbnail","6":"product_cat-douches-verticales-et-equipement-de-piscine-exterieure-fr","7":"product_cat-oxy-douches-pour-enfants","9":"first","10":"instock","11":"taxable","12":"shipping-taxable","13":"purchasable","14":"product-type-simple"},"acf":[],"_links":{"self":[{"href":"https:\/\/roigk.de\/fr\/wp-json\/wp\/v2\/product\/25540","targetHints":{"allow":["GET"]}}],"collection":[{"href":"https:\/\/roigk.de\/fr\/wp-json\/wp\/v2\/product"}],"about":[{"href":"https:\/\/roigk.de\/fr\/wp-json\/wp\/v2\/types\/product"}],"wp:featuredmedia":[{"embeddable":true,"href":"https:\/\/roigk.de\/fr\/wp-json\/wp\/v2\/media\/25531"}],"wp:attachment":[{"href":"https:\/\/roigk.de\/fr\/wp-json\/wp\/v2\/media?parent=25540"}],"wp:term":[{"taxonomy":"product_brand","embeddable":true,"href":"https:\/\/roigk.de\/fr\/wp-json\/wp\/v2\/product_brand?post=25540"},{"taxonomy":"product_cat","embeddable":true,"href":"https:\/\/roigk.de\/fr\/wp-json\/wp\/v2\/product_cat?post=25540"},{"taxonomy":"product_tag","embeddable":true,"href":"https:\/\/roigk.de\/fr\/wp-json\/wp\/v2\/product_tag?post=25540"}],"curies":[{"name":"wp","href":"https:\/\/api.w.org\/{rel}","templated":true}]}}