{"id":26359,"date":"2023-04-23T23:15:33","date_gmt":"2023-04-23T23:15:33","guid":{"rendered":"https:\/\/roigk.de\/spray-focus-lumineux-r201907-310-avec-led\/"},"modified":"2026-01-21T09:20:01","modified_gmt":"2026-01-21T09:20:01","slug":"spray-focus-lumineux-r201907-310-avec-led","status":"publish","type":"product","link":"https:\/\/roigk.de\/fr\/spray-focus-lumineux-r201907-310-avec-led\/","title":{"rendered":"Spray focus lumineux R201907-310 avec LED"},"content":{"rendered":"","protected":false},"excerpt":{"rendered":"<p>Une fontaine \u00e9clair\u00e9e compos\u00e9e de plusieurs jets individuels qui convergent en un point.<\/p>\n<p>D\u00e9bit d&rsquo;eau : 60 \u00e0 90 l\/min<br \/>Pression d&rsquo;eau : environ 0,3 \u00e0 0,6 bar<br \/>Groupe cible : Enfants et tout-petits (selon la hauteur de pulv\u00e9risation r\u00e9gl\u00e9e)<br \/>Positionnement : Aires de jeux d&rsquo;eau (max. WT = 0 mm)<\/p>\n","protected":false},"featured_media":26356,"template":"","meta":{"_acf_changed":false},"product_brand":[],"product_cat":[186],"product_tag":[],"class_list":{"0":"post-26359","1":"product","2":"type-product","3":"status-publish","4":"has-post-thumbnail","6":"product_cat-wave-de-rigolos-jets-deau","8":"first","9":"instock","10":"taxable","11":"shipping-taxable","12":"purchasable","13":"product-type-simple"},"acf":[],"_links":{"self":[{"href":"https:\/\/roigk.de\/fr\/wp-json\/wp\/v2\/product\/26359","targetHints":{"allow":["GET"]}}],"collection":[{"href":"https:\/\/roigk.de\/fr\/wp-json\/wp\/v2\/product"}],"about":[{"href":"https:\/\/roigk.de\/fr\/wp-json\/wp\/v2\/types\/product"}],"wp:featuredmedia":[{"embeddable":true,"href":"https:\/\/roigk.de\/fr\/wp-json\/wp\/v2\/media\/26356"}],"wp:attachment":[{"href":"https:\/\/roigk.de\/fr\/wp-json\/wp\/v2\/media?parent=26359"}],"wp:term":[{"taxonomy":"product_brand","embeddable":true,"href":"https:\/\/roigk.de\/fr\/wp-json\/wp\/v2\/product_brand?post=26359"},{"taxonomy":"product_cat","embeddable":true,"href":"https:\/\/roigk.de\/fr\/wp-json\/wp\/v2\/product_cat?post=26359"},{"taxonomy":"product_tag","embeddable":true,"href":"https:\/\/roigk.de\/fr\/wp-json\/wp\/v2\/product_tag?post=26359"}],"curies":[{"name":"wp","href":"https:\/\/api.w.org\/{rel}","templated":true}]}}