{"id":26416,"date":"2023-04-26T21:06:40","date_gmt":"2023-04-26T21:06:40","guid":{"rendered":"https:\/\/roigk.de\/ecocolor-champignon-deau-r8214-1200-20\/"},"modified":"2026-01-21T09:20:17","modified_gmt":"2026-01-21T09:20:17","slug":"ecocolor-champignon-deau-r8214-1200-20","status":"publish","type":"product","link":"https:\/\/roigk.de\/fr\/ecocolor-champignon-deau-r8214-1200-20\/","title":{"rendered":"EcoColor Champignon d&rsquo;Eau R8214-1200-20"},"content":{"rendered":"","protected":false},"excerpt":{"rendered":"<p>Le champignon d&rsquo;eau innovant EcoColor offre une apparence exceptionnelle avec son design multicolore attrayant, sa colonne rev\u00eatue de poudre esth\u00e9tiquement incurv\u00e9e et son design am\u00e9lior\u00e9. Avec une consommation d&rsquo;eau consid\u00e9rablement r\u00e9duite par rapport aux mod\u00e8les conventionnels et un rev\u00eatement robuste et insensible, ce champignon d&rsquo;eau r\u00e9pond \u00e0 toutes les exigences des aires de jeux aquatiques modernes. Misez sur la durabilit\u00e9 et le design et ravissez les enfants et les familles dans votre piscine !<\/p>\n<p>Diam\u00e8tre du champignon: 1 200 mm<br \/>Hauteurs: 1 600 (ou hauteur sp\u00e9ciale 2 250 mm)<br \/>D\u00e9bit d&rsquo;eau: 30 l\/min<br \/>Pression d&rsquo;eau: 0,3 bar<br \/>Groupe cible: Enfants<br \/>Positionnement: dans la pataugeoire ou les aires de jeux aquatiques (max. WT = 500 mm)<br \/>Mat\u00e9riau: Acier inoxydable V4A (1.4571), plastique renforc\u00e9 de fibre de verre (PRFV)<\/p>\n","protected":false},"featured_media":30560,"template":"","meta":{"_acf_changed":false},"product_brand":[],"product_cat":[170],"product_tag":[],"class_list":{"0":"post-26416","1":"product","2":"type-product","3":"status-publish","4":"has-post-thumbnail","6":"product_cat-craft-action-interactive","8":"first","9":"instock","10":"taxable","11":"shipping-taxable","12":"purchasable","13":"product-type-simple"},"acf":[],"_links":{"self":[{"href":"https:\/\/roigk.de\/fr\/wp-json\/wp\/v2\/product\/26416","targetHints":{"allow":["GET"]}}],"collection":[{"href":"https:\/\/roigk.de\/fr\/wp-json\/wp\/v2\/product"}],"about":[{"href":"https:\/\/roigk.de\/fr\/wp-json\/wp\/v2\/types\/product"}],"wp:featuredmedia":[{"embeddable":true,"href":"https:\/\/roigk.de\/fr\/wp-json\/wp\/v2\/media\/30560"}],"wp:attachment":[{"href":"https:\/\/roigk.de\/fr\/wp-json\/wp\/v2\/media?parent=26416"}],"wp:term":[{"taxonomy":"product_brand","embeddable":true,"href":"https:\/\/roigk.de\/fr\/wp-json\/wp\/v2\/product_brand?post=26416"},{"taxonomy":"product_cat","embeddable":true,"href":"https:\/\/roigk.de\/fr\/wp-json\/wp\/v2\/product_cat?post=26416"},{"taxonomy":"product_tag","embeddable":true,"href":"https:\/\/roigk.de\/fr\/wp-json\/wp\/v2\/product_tag?post=26416"}],"curies":[{"name":"wp","href":"https:\/\/api.w.org\/{rel}","templated":true}]}}