{"id":26425,"date":"2023-04-26T21:21:48","date_gmt":"2023-04-26T21:21:48","guid":{"rendered":"https:\/\/roigk.de\/attraction-interactive-flow-6-r003-016-60\/"},"modified":"2026-01-21T09:19:31","modified_gmt":"2026-01-21T09:19:31","slug":"attraction-interactive-flow-6-r003-016-60","status":"publish","type":"product","link":"https:\/\/roigk.de\/fr\/attraction-interactive-flow-6-r003-016-60\/","title":{"rendered":"FLOW Fleur de lotus #6 R003-016-60"},"content":{"rendered":"","protected":false},"excerpt":{"rendered":"<p>Attraction Interactive avec Calice de Fleur Souple qui se Remplit d&rsquo;Eau Automatiquement, Mobile et Renversable par les Enfants. De plus, elle dispose de Fleurs d&rsquo;Eau Rotatives faites en Colourshine Glass translucide color\u00e9, permettant des \u00e9claboussures interactives. Chaque fleur a un effet d&rsquo;eau diff\u00e9rent, rendant le Flow #6 particuli\u00e8rement excitant.<\/p>\n<p>Hauteur: 1300 mm<br \/>D\u00e9bit d&rsquo;Eau: 35 l\/min<br \/>Pression d&rsquo;Eau: 0,3 bar<br \/>Public Cible: Enfants<br \/>Positionnement: Parc d&rsquo;Eau Pulv\u00e9ris\u00e9e, Piscines pour petits (Profondeur d&rsquo;eau env. 0 &#8211; 300 mm)<br \/>Mat\u00e9riau: Acier Inoxydable V4A (1.4571), Verre Colourshine, Caoutchouc Souple<\/p>\n","protected":false},"featured_media":30600,"template":"","meta":{"_acf_changed":false},"product_brand":[],"product_cat":[170],"product_tag":[],"class_list":{"0":"post-26425","1":"product","2":"type-product","3":"status-publish","4":"has-post-thumbnail","6":"product_cat-craft-action-interactive","8":"first","9":"instock","10":"taxable","11":"shipping-taxable","12":"purchasable","13":"product-type-simple"},"acf":[],"_links":{"self":[{"href":"https:\/\/roigk.de\/fr\/wp-json\/wp\/v2\/product\/26425","targetHints":{"allow":["GET"]}}],"collection":[{"href":"https:\/\/roigk.de\/fr\/wp-json\/wp\/v2\/product"}],"about":[{"href":"https:\/\/roigk.de\/fr\/wp-json\/wp\/v2\/types\/product"}],"wp:featuredmedia":[{"embeddable":true,"href":"https:\/\/roigk.de\/fr\/wp-json\/wp\/v2\/media\/30600"}],"wp:attachment":[{"href":"https:\/\/roigk.de\/fr\/wp-json\/wp\/v2\/media?parent=26425"}],"wp:term":[{"taxonomy":"product_brand","embeddable":true,"href":"https:\/\/roigk.de\/fr\/wp-json\/wp\/v2\/product_brand?post=26425"},{"taxonomy":"product_cat","embeddable":true,"href":"https:\/\/roigk.de\/fr\/wp-json\/wp\/v2\/product_cat?post=26425"},{"taxonomy":"product_tag","embeddable":true,"href":"https:\/\/roigk.de\/fr\/wp-json\/wp\/v2\/product_tag?post=26425"}],"curies":[{"name":"wp","href":"https:\/\/api.w.org\/{rel}","templated":true}]}}