{"id":26434,"date":"2023-04-26T21:27:59","date_gmt":"2023-04-26T21:27:59","guid":{"rendered":"https:\/\/roigk.de\/attraction-interactive-flow-5-r003-016-50\/"},"modified":"2025-11-18T18:08:23","modified_gmt":"2025-11-18T18:08:23","slug":"attraction-interactive-flow-5-r003-016-50","status":"publish","type":"product","link":"https:\/\/roigk.de\/fr\/attraction-interactive-flow-5-r003-016-50\/","title":{"rendered":"FLOW Fleur de lotus #5 R003-016-50"},"content":{"rendered":"","protected":false},"excerpt":{"rendered":"<p>Attraction Interactive avec Calice de Fleur Souple qui se Remplit d&rsquo;Eau Automatiquement, Mobile et Renversable par les Enfants. De plus, il dispose d&rsquo;une Feuille Rotative qui peut se remplir d&rsquo;eau gr\u00e2ce \u00e0 une fontaine, permettant de tourner et de diriger l&rsquo;eau dans le calice de la fleur. Particuli\u00e8rement adapt\u00e9 aux petits enfants en raison de sa conception basse.<\/p>\n<p>Hauteur: env. 590 mm<br \/>D\u00e9bit d&rsquo;Eau: 20 l\/min<br \/>Pression d&rsquo;Eau: 0,3 bar<br \/>Public Cible: Enfants<br \/>Positionnement: Parcs d&rsquo;eau pulv\u00e9ris\u00e9e, Piscines pour petits (Profondeur d&rsquo;eau env. 0 &#8211; 300 mm)<br \/>Mat\u00e9riau: Acier Inoxydable V4A (1.4571), PRV (Plastique Renforc\u00e9 de Verre), Caoutchouc Souple<\/p>\n","protected":false},"featured_media":30612,"template":"","meta":{"_acf_changed":false},"product_brand":[],"product_cat":[170],"product_tag":[],"class_list":{"0":"post-26434","1":"product","2":"type-product","3":"status-publish","4":"has-post-thumbnail","6":"product_cat-craft-action-interactive","8":"first","9":"instock","10":"taxable","11":"shipping-taxable","12":"purchasable","13":"product-type-simple"},"acf":[],"_links":{"self":[{"href":"https:\/\/roigk.de\/fr\/wp-json\/wp\/v2\/product\/26434","targetHints":{"allow":["GET"]}}],"collection":[{"href":"https:\/\/roigk.de\/fr\/wp-json\/wp\/v2\/product"}],"about":[{"href":"https:\/\/roigk.de\/fr\/wp-json\/wp\/v2\/types\/product"}],"wp:featuredmedia":[{"embeddable":true,"href":"https:\/\/roigk.de\/fr\/wp-json\/wp\/v2\/media\/30612"}],"wp:attachment":[{"href":"https:\/\/roigk.de\/fr\/wp-json\/wp\/v2\/media?parent=26434"}],"wp:term":[{"taxonomy":"product_brand","embeddable":true,"href":"https:\/\/roigk.de\/fr\/wp-json\/wp\/v2\/product_brand?post=26434"},{"taxonomy":"product_cat","embeddable":true,"href":"https:\/\/roigk.de\/fr\/wp-json\/wp\/v2\/product_cat?post=26434"},{"taxonomy":"product_tag","embeddable":true,"href":"https:\/\/roigk.de\/fr\/wp-json\/wp\/v2\/product_tag?post=26434"}],"curies":[{"name":"wp","href":"https:\/\/api.w.org\/{rel}","templated":true}]}}