{"id":26440,"date":"2023-04-26T21:29:22","date_gmt":"2023-04-26T21:29:22","guid":{"rendered":"https:\/\/roigk.de\/attraction-interactive-flow-4-r003-016-40\/"},"modified":"2026-01-21T09:18:16","modified_gmt":"2026-01-21T09:18:16","slug":"attraction-interactive-flow-4-r003-016-40","status":"publish","type":"product","link":"https:\/\/roigk.de\/fr\/attraction-interactive-flow-4-r003-016-40\/","title":{"rendered":"FLOW Fleur de lotus #4 R003-016-40"},"content":{"rendered":"","protected":false},"excerpt":{"rendered":"<p>Attraction interactive avec un gobelet souple qui se remplit d&rsquo;eau et que les enfants peuvent d\u00e9placer et retourner. Et une fleur d&rsquo;eau rotative en verre Colourshine color\u00e9 et translucide, avec laquelle il est possible d&rsquo;\u00e9clabousser de mani\u00e8re interactive. Particuli\u00e8rement adapt\u00e9 aux jeunes enfants en raison de sa forme basse.<\/p>\n<p>hauteur : 590 mm<br \/>d\u00e9bit d&rsquo;eau : 25 l\/min<br \/>Pression de l&rsquo;eau : 0,3 bar<br \/>Groupe cible : Enfants<br \/>Positionnement : Espaces de jeux aquatiques, bassins pour petits enfants (Profondeur d&rsquo;eau env. 0 &#8211; 300 mm)<br \/>Mat\u00e9riaux : Acier inoxydable V4A (1.4571), verre Colourshine, caoutchouc souple<\/p>\n","protected":false},"featured_media":30594,"template":"","meta":{"_acf_changed":false},"product_brand":[],"product_cat":[170],"product_tag":[],"class_list":{"0":"post-26440","1":"product","2":"type-product","3":"status-publish","4":"has-post-thumbnail","6":"product_cat-craft-action-interactive","8":"first","9":"instock","10":"taxable","11":"shipping-taxable","12":"purchasable","13":"product-type-simple"},"acf":[],"_links":{"self":[{"href":"https:\/\/roigk.de\/fr\/wp-json\/wp\/v2\/product\/26440","targetHints":{"allow":["GET"]}}],"collection":[{"href":"https:\/\/roigk.de\/fr\/wp-json\/wp\/v2\/product"}],"about":[{"href":"https:\/\/roigk.de\/fr\/wp-json\/wp\/v2\/types\/product"}],"wp:featuredmedia":[{"embeddable":true,"href":"https:\/\/roigk.de\/fr\/wp-json\/wp\/v2\/media\/30594"}],"wp:attachment":[{"href":"https:\/\/roigk.de\/fr\/wp-json\/wp\/v2\/media?parent=26440"}],"wp:term":[{"taxonomy":"product_brand","embeddable":true,"href":"https:\/\/roigk.de\/fr\/wp-json\/wp\/v2\/product_brand?post=26440"},{"taxonomy":"product_cat","embeddable":true,"href":"https:\/\/roigk.de\/fr\/wp-json\/wp\/v2\/product_cat?post=26440"},{"taxonomy":"product_tag","embeddable":true,"href":"https:\/\/roigk.de\/fr\/wp-json\/wp\/v2\/product_tag?post=26440"}],"curies":[{"name":"wp","href":"https:\/\/api.w.org\/{rel}","templated":true}]}}