{"id":26446,"date":"2023-04-26T21:36:17","date_gmt":"2023-04-26T21:36:17","guid":{"rendered":"https:\/\/roigk.de\/attraction-interactive-flow-3-r003-016-30\/"},"modified":"2026-01-21T09:18:06","modified_gmt":"2026-01-21T09:18:06","slug":"attraction-interactive-flow-3-r003-016-30","status":"publish","type":"product","link":"https:\/\/roigk.de\/fr\/attraction-interactive-flow-3-r003-016-30\/","title":{"rendered":"FLOW Fleur de lotus #3 R003-016-30"},"content":{"rendered":"","protected":false},"excerpt":{"rendered":"<p>Attraction interactive avec un calice de fleur souple qui se remplit automatiquement d&rsquo;eau et que les enfants peuvent bouger et retourner. Comprend \u00e9galement une feuille rotative qui peut \u00eatre remplie d&rsquo;eau gr\u00e2ce \u00e0 une fontaine et tourn\u00e9e de mani\u00e8re \u00e0 ce que l&rsquo;eau s&rsquo;\u00e9coule de la feuille sup\u00e9rieure dans le calice. Comprend aussi une fleur rotative avec un jet d&rsquo;eau pour \u00e9clabousser.<\/p>\n<p>Hauteur : 1300 mm<br \/>Quantit\u00e9 d&rsquo;eau : 35 l\/min<br \/>Pression de l&rsquo;eau : 0,3 bar<br \/>Public cible : Enfants<br \/>Emplacement : Parcs aquatiques, pataugeoires pour petits (WT environ 0 &#8211; 300 mm)<br \/>Mat\u00e9riau : Acier inoxydable V4A (1.4571), fibre de verre, caoutchouc souple<\/p>\n","protected":false},"featured_media":30707,"template":"","meta":{"_acf_changed":false},"product_brand":[],"product_cat":[170],"product_tag":[],"class_list":{"0":"post-26446","1":"product","2":"type-product","3":"status-publish","4":"has-post-thumbnail","6":"product_cat-craft-action-interactive","8":"first","9":"instock","10":"taxable","11":"shipping-taxable","12":"purchasable","13":"product-type-simple"},"acf":[],"_links":{"self":[{"href":"https:\/\/roigk.de\/fr\/wp-json\/wp\/v2\/product\/26446","targetHints":{"allow":["GET"]}}],"collection":[{"href":"https:\/\/roigk.de\/fr\/wp-json\/wp\/v2\/product"}],"about":[{"href":"https:\/\/roigk.de\/fr\/wp-json\/wp\/v2\/types\/product"}],"wp:featuredmedia":[{"embeddable":true,"href":"https:\/\/roigk.de\/fr\/wp-json\/wp\/v2\/media\/30707"}],"wp:attachment":[{"href":"https:\/\/roigk.de\/fr\/wp-json\/wp\/v2\/media?parent=26446"}],"wp:term":[{"taxonomy":"product_brand","embeddable":true,"href":"https:\/\/roigk.de\/fr\/wp-json\/wp\/v2\/product_brand?post=26446"},{"taxonomy":"product_cat","embeddable":true,"href":"https:\/\/roigk.de\/fr\/wp-json\/wp\/v2\/product_cat?post=26446"},{"taxonomy":"product_tag","embeddable":true,"href":"https:\/\/roigk.de\/fr\/wp-json\/wp\/v2\/product_tag?post=26446"}],"curies":[{"name":"wp","href":"https:\/\/api.w.org\/{rel}","templated":true}]}}