{"id":26533,"date":"2022-09-22T20:29:56","date_gmt":"2022-09-22T20:29:56","guid":{"rendered":"https:\/\/roigk.de\/roue-a-eau-pour-canaux-deau-r003-015-20\/"},"modified":"2026-01-21T09:16:57","modified_gmt":"2026-01-21T09:16:57","slug":"roue-a-eau-pour-canaux-deau-r003-015-20","status":"publish","type":"product","link":"https:\/\/roigk.de\/fr\/roue-a-eau-pour-canaux-deau-r003-015-20\/","title":{"rendered":"Roue \u00e0 eau pour canaux d&rsquo;eau R003-015-20"},"content":{"rendered":"","protected":false},"excerpt":{"rendered":"<p>Cette roue \u00e0 eau est particuli\u00e8rement adapt\u00e9e pour \u00eatre install\u00e9e dans un canal d&rsquo;eau mod\u00e9lis\u00e9. Les enfants seront ravis par les couleurs vives et color\u00e9es.<\/p>\n<p>La roue \u00e0 eau est fabriqu\u00e9e en verre Colourshine, tandis que le corps principal est en acier inoxydable V4A stable. La bride d&rsquo;\u00e9tanch\u00e9it\u00e9 pour le plan d&rsquo;\u00e9tanch\u00e9it\u00e9 est int\u00e9gr\u00e9e \u00e0 la construction.<\/p>\n<p>Veuillez noter que la profondeur d&rsquo;eau au niveau de la roue \u00e0 eau doit \u00eatre d&rsquo;au moins environ 10 cm pour assurer une bonne rotation.<\/p>\n<p>Mat\u00e9riaux : Acier inoxydable 1.4571 (316Ti) et verre Colourshine.<\/p>\n<p>&nbsp;<\/p>\n","protected":false},"featured_media":26543,"template":"","meta":{"_acf_changed":false},"product_brand":[],"product_cat":[170],"product_tag":[],"class_list":{"0":"post-26533","1":"product","2":"type-product","3":"status-publish","4":"has-post-thumbnail","6":"product_cat-craft-action-interactive","8":"first","9":"instock","10":"taxable","11":"shipping-taxable","12":"purchasable","13":"product-type-simple"},"acf":[],"_links":{"self":[{"href":"https:\/\/roigk.de\/fr\/wp-json\/wp\/v2\/product\/26533","targetHints":{"allow":["GET"]}}],"collection":[{"href":"https:\/\/roigk.de\/fr\/wp-json\/wp\/v2\/product"}],"about":[{"href":"https:\/\/roigk.de\/fr\/wp-json\/wp\/v2\/types\/product"}],"wp:featuredmedia":[{"embeddable":true,"href":"https:\/\/roigk.de\/fr\/wp-json\/wp\/v2\/media\/26543"}],"wp:attachment":[{"href":"https:\/\/roigk.de\/fr\/wp-json\/wp\/v2\/media?parent=26533"}],"wp:term":[{"taxonomy":"product_brand","embeddable":true,"href":"https:\/\/roigk.de\/fr\/wp-json\/wp\/v2\/product_brand?post=26533"},{"taxonomy":"product_cat","embeddable":true,"href":"https:\/\/roigk.de\/fr\/wp-json\/wp\/v2\/product_cat?post=26533"},{"taxonomy":"product_tag","embeddable":true,"href":"https:\/\/roigk.de\/fr\/wp-json\/wp\/v2\/product_tag?post=26533"}],"curies":[{"name":"wp","href":"https:\/\/api.w.org\/{rel}","templated":true}]}}