{"id":26539,"date":"2023-05-08T13:13:56","date_gmt":"2023-05-08T13:13:56","guid":{"rendered":"https:\/\/roigk.de\/aiguillage-deau-pour-canaux-deau-r003-015-30\/"},"modified":"2026-01-21T09:16:49","modified_gmt":"2026-01-21T09:16:49","slug":"aiguillage-deau-pour-canaux-deau-r003-015-30","status":"publish","type":"product","link":"https:\/\/roigk.de\/fr\/aiguillage-deau-pour-canaux-deau-r003-015-30\/","title":{"rendered":"Aiguillage d&rsquo;eau pour canaux d&rsquo;eau R003-015-30"},"content":{"rendered":"","protected":false},"excerpt":{"rendered":"<p>Cet aiguillage d&rsquo;eau est un excellent compl\u00e9ment pour tout syst\u00e8me de canal d&rsquo;eau mod\u00e9lis\u00e9. Il peut d\u00e9vier l&rsquo;eau d&rsquo;un cours d&rsquo;eau vers un deuxi\u00e8me ou un troisi\u00e8me, offrant un jeu amusant et captivant pour les enfants.<\/p>\n<p>L&rsquo;aiguillage d&rsquo;eau est fabriqu\u00e9 en verre Colourshine, tandis que le corps principal est en acier inoxydable V4A stable. La conception assure que les enfants peuvent profiter en toute s\u00e9curit\u00e9 de cette attraction aquatique interactive.<\/p>\n<p>Mat\u00e9riaux : Acier inoxydable 1.4571 (316Ti) et verre Colourshine.<\/p>\n","protected":false},"featured_media":31101,"template":"","meta":{"_acf_changed":false},"product_brand":[],"product_cat":[170],"product_tag":[],"class_list":{"0":"post-26539","1":"product","2":"type-product","3":"status-publish","4":"has-post-thumbnail","6":"product_cat-craft-action-interactive","8":"first","9":"instock","10":"taxable","11":"shipping-taxable","12":"purchasable","13":"product-type-simple"},"acf":[],"_links":{"self":[{"href":"https:\/\/roigk.de\/fr\/wp-json\/wp\/v2\/product\/26539","targetHints":{"allow":["GET"]}}],"collection":[{"href":"https:\/\/roigk.de\/fr\/wp-json\/wp\/v2\/product"}],"about":[{"href":"https:\/\/roigk.de\/fr\/wp-json\/wp\/v2\/types\/product"}],"wp:featuredmedia":[{"embeddable":true,"href":"https:\/\/roigk.de\/fr\/wp-json\/wp\/v2\/media\/31101"}],"wp:attachment":[{"href":"https:\/\/roigk.de\/fr\/wp-json\/wp\/v2\/media?parent=26539"}],"wp:term":[{"taxonomy":"product_brand","embeddable":true,"href":"https:\/\/roigk.de\/fr\/wp-json\/wp\/v2\/product_brand?post=26539"},{"taxonomy":"product_cat","embeddable":true,"href":"https:\/\/roigk.de\/fr\/wp-json\/wp\/v2\/product_cat?post=26539"},{"taxonomy":"product_tag","embeddable":true,"href":"https:\/\/roigk.de\/fr\/wp-json\/wp\/v2\/product_tag?post=26539"}],"curies":[{"name":"wp","href":"https:\/\/api.w.org\/{rel}","templated":true}]}}