{"id":26607,"date":"2021-02-08T21:25:24","date_gmt":"2021-02-08T21:25:24","guid":{"rendered":"https:\/\/roigk.de\/blubber-r002-001-003\/"},"modified":"2026-01-21T09:15:37","modified_gmt":"2026-01-21T09:15:37","slug":"blubber-r002-001-003","status":"publish","type":"product","link":"https:\/\/roigk.de\/fr\/blubber-r002-001-003\/","title":{"rendered":"Blubber R002-001-003"},"content":{"rendered":"","protected":false},"excerpt":{"rendered":"<p>Id\u00e9alement adapt\u00e9 comme garniture pour l&rsquo;ancre de fond universelle ROIGK, qui est plac\u00e9e dans le fond de la piscine.<\/p>\n<p>Donnez vie \u00e0 la piscine pour enfants ou \u00e0 la piscine d&rsquo;attraction avec des bulles fascinantes. Sentir, percevoir, et ressentir &#8211; les enfants pousseront des cris de joie en voyant les bulles monter autour d&rsquo;eux. C&rsquo;est une exp\u00e9rience qui touche les sens et \u00e9veille l&rsquo;esprit de d\u00e9couverte naturel de chaque enfant. Chaque bulle qui monte \u00e0 la surface est un petit miracle qui invite \u00e0 jouer, \u00e0 rire, et \u00e0 interagir. Imaginez le rire des enfants alors qu&rsquo;ils essaient d&rsquo;attraper les bulles fugaces. Ou l&rsquo;\u00e9tonnement quand ils laissent les bulles glisser entre leurs petits doigts. La l\u00e9g\u00e8ret\u00e9 et l&rsquo;insouciance que cette attraction offre font battre plus vite le c\u0153ur de chaque enfant. Avec cette attraction, chaque piscine pour enfants devient une source de joie et d&rsquo;amusement incommensurable. C&rsquo;est un endroit o\u00f9 le rire et l&rsquo;apprentissage vont de pair et o\u00f9 se cr\u00e9ent de pr\u00e9cieux souvenirs d&rsquo;enfance.<\/p>\n<p>Alimentation en air : souffleur \u00e0 canal lat\u00e9ral de 3kw (fourni par le client)<br \/>Groupe cible : Jeunes, enfants, et tout-petits<br \/>Positionnement : Piscine pour enfants, piscine d&rsquo;attraction (WT \u00e0 partir d&rsquo;environ 300 mm)<\/p>\n","protected":false},"featured_media":31065,"template":"","meta":{"_acf_changed":false},"product_brand":[],"product_cat":[170],"product_tag":[],"class_list":{"0":"post-26607","1":"product","2":"type-product","3":"status-publish","4":"has-post-thumbnail","6":"product_cat-craft-action-interactive","8":"first","9":"instock","10":"taxable","11":"shipping-taxable","12":"purchasable","13":"product-type-simple"},"acf":[],"_links":{"self":[{"href":"https:\/\/roigk.de\/fr\/wp-json\/wp\/v2\/product\/26607","targetHints":{"allow":["GET"]}}],"collection":[{"href":"https:\/\/roigk.de\/fr\/wp-json\/wp\/v2\/product"}],"about":[{"href":"https:\/\/roigk.de\/fr\/wp-json\/wp\/v2\/types\/product"}],"wp:featuredmedia":[{"embeddable":true,"href":"https:\/\/roigk.de\/fr\/wp-json\/wp\/v2\/media\/31065"}],"wp:attachment":[{"href":"https:\/\/roigk.de\/fr\/wp-json\/wp\/v2\/media?parent=26607"}],"wp:term":[{"taxonomy":"product_brand","embeddable":true,"href":"https:\/\/roigk.de\/fr\/wp-json\/wp\/v2\/product_brand?post=26607"},{"taxonomy":"product_cat","embeddable":true,"href":"https:\/\/roigk.de\/fr\/wp-json\/wp\/v2\/product_cat?post=26607"},{"taxonomy":"product_tag","embeddable":true,"href":"https:\/\/roigk.de\/fr\/wp-json\/wp\/v2\/product_tag?post=26607"}],"curies":[{"name":"wp","href":"https:\/\/api.w.org\/{rel}","templated":true}]}}