{"id":26957,"date":"2023-12-05T10:58:45","date_gmt":"2023-12-05T10:58:45","guid":{"rendered":"https:\/\/roigk.de\/vestiaire-spiral-2\/"},"modified":"2026-01-21T08:46:11","modified_gmt":"2026-01-21T08:46:11","slug":"vestiaire-spiral-2","status":"publish","type":"product","link":"https:\/\/roigk.de\/fr\/vestiaire-spiral-2\/","title":{"rendered":"Vestiaire Spiral"},"content":{"rendered":"","protected":false},"excerpt":{"rendered":"<p>D\u00e9couvrez notre cabine de change spacieuse et sans barri\u00e8res pour piscines ext\u00e9rieures \u2013 la solution parfaite pour se changer rapidement \u00e0 la piscine ! Gr\u00e2ce \u00e0 ce vestiaire accessible aux fauteuils roulants, vos clients peuvent \u00e9viter le d\u00e9placement vers la zone de change principale et profiter d&rsquo;un confort maximal.<\/p>\n<p>La cabine de change pour piscines ext\u00e9rieures est \u00e9quip\u00e9e de crochets pratiques pour les v\u00eatements et d&rsquo;un si\u00e8ge int\u00e9gr\u00e9 pour faciliter la transition \u00e0 la piscine. La construction innovante en spirale avec un design ouvert en haut emp\u00eache l&rsquo;accumulation de chaleur et assure une atmosph\u00e8re agr\u00e9able dans le vestiaire.<\/p>\n<p>Personnalisez votre piscine ext\u00e9rieure avec notre cabine de change color\u00e9e selon la charte RAL et profitez des espaces publicitaires pour refinancer. La construction solide en plastique renforc\u00e9 de fibre de verre (PRFV) et acier inoxydable V4A (1.4571) garantit durabilit\u00e9 et stabilit\u00e9.<\/p>\n<p>En r\u00e9sum\u00e9, notre cabine de change pour piscines ext\u00e9rieures offre les avantages suivants :<\/p>\n<p>&#8211; Changement plus rapide \u00e0 la piscine<br \/>&#8211; Conception sans barri\u00e8res et accessible aux fauteuils roulants<br \/>&#8211; Si\u00e8ge int\u00e9gr\u00e9 et crochets pratiques pour les v\u00eatements<br \/>&#8211; Construction en spirale ouverte \u00e9vitant l&rsquo;accumulation de chaleur<br \/>&#8211; Design color\u00e9 et espaces publicitaires pour refinancement<\/p>\n<p>Am\u00e9liorez votre piscine ext\u00e9rieure avec cette cabine de change pratique et attrayante et am\u00e9liorez l&rsquo;exp\u00e9rience pour vos clients !<\/p>\n","protected":false},"featured_media":26948,"template":"","meta":{"_acf_changed":false},"product_brand":[],"product_cat":[163],"product_tag":[],"class_list":{"0":"post-26957","1":"product","2":"type-product","3":"status-publish","4":"has-post-thumbnail","6":"product_cat-douches-verticales-et-equipement-de-piscine-exterieure-fr","8":"first","9":"instock","10":"taxable","11":"shipping-taxable","12":"purchasable","13":"product-type-simple"},"acf":[],"_links":{"self":[{"href":"https:\/\/roigk.de\/fr\/wp-json\/wp\/v2\/product\/26957","targetHints":{"allow":["GET"]}}],"collection":[{"href":"https:\/\/roigk.de\/fr\/wp-json\/wp\/v2\/product"}],"about":[{"href":"https:\/\/roigk.de\/fr\/wp-json\/wp\/v2\/types\/product"}],"wp:featuredmedia":[{"embeddable":true,"href":"https:\/\/roigk.de\/fr\/wp-json\/wp\/v2\/media\/26948"}],"wp:attachment":[{"href":"https:\/\/roigk.de\/fr\/wp-json\/wp\/v2\/media?parent=26957"}],"wp:term":[{"taxonomy":"product_brand","embeddable":true,"href":"https:\/\/roigk.de\/fr\/wp-json\/wp\/v2\/product_brand?post=26957"},{"taxonomy":"product_cat","embeddable":true,"href":"https:\/\/roigk.de\/fr\/wp-json\/wp\/v2\/product_cat?post=26957"},{"taxonomy":"product_tag","embeddable":true,"href":"https:\/\/roigk.de\/fr\/wp-json\/wp\/v2\/product_tag?post=26957"}],"curies":[{"name":"wp","href":"https:\/\/api.w.org\/{rel}","templated":true}]}}