{"id":28458,"date":"2024-10-25T11:53:31","date_gmt":"2024-10-25T11:53:31","guid":{"rendered":"https:\/\/roigk.de\/starter-kit-1-fuer-wartung-und-ueberwinterung-von-attraktionen-889\/"},"modified":"2026-01-21T09:17:20","modified_gmt":"2026-01-21T09:17:20","slug":"starter-kit-1-fuer-wartung-und-ueberwinterung-von-attraktionen-889","status":"publish","type":"product","link":"https:\/\/roigk.de\/fr\/starter-kit-1-fuer-wartung-und-ueberwinterung-von-attraktionen-889\/","title":{"rendered":"Starter Kit #1 (f\u00fcr Wartung und \u00dcberwinterung von Attraktionen 88,9)"},"content":{"rendered":"","protected":false},"excerpt":{"rendered":"<p>Spezial Grundausstattung inkl. Werkzeugen, Ersatzteilen und  Verschlei\u00dfteilen mit der Sie die Wartung und \u00dcberwinterung von Roigk  Sprayparkattraktionen selbst vornehmen k\u00f6nnen (z.B. Attraktionen OXY,  FLOW, RIFF mit 88,9mm Rohr).<\/p>\n<p>Inhalt:<\/p>\n<p>&#8211; gedruckte Pflegeanleitung Edelstahl<br \/>&#8211; gedruckte Bedienungsanleitung f\u00fcr Wasserattraktionen aus Edelstahl<br \/>&#8211; gedruckte Wartungsanleitung f\u00fcr Drehgelenke<br \/>&#8211; 3 x Set Dichtungen f\u00fcr 88,9mm Drehgelenk (3-teilig)<br \/>&#8211; Fett und Pinsel f\u00fcr die die Edelstahlkugeln<br \/>&#8211; Spezialwerkzeug zum Herausnehmen der Kugeln<br \/>&#8211; Spezialwerkzeug zum Herausnehmen der Dichtungen<br \/>&#8211; 3 x Ersatz-Winterkappe f\u00fcr WAVE D\u00fcsen<br \/>&#8211; 6 x 60er O-Ring Dichtung f\u00fcr WAVE D\u00fcsen<br \/>&#8211; 1 x 70er O-Ring Dichtung zum Abdr\u00fccken der Leitungen<br \/>&#8211; 1 x Ausdrehwerkzeug f\u00fcr WAVE D\u00fcsen<br \/>&#8211; 3 x Ersatz-Winterkappe f\u00fcr Universalbodenanker 220<br \/>&#8211; 6 x EPDM Dichtung DN 100 f\u00fcr Universalbodenanker<br \/>&#8211; 8 x Linsenkopfschaube M12x35 (gefettet) (f\u00fcr 10mm Flansche)<br \/>&#8211; 4 x Linsenkopfschaube M12x45 (gefettet) (f\u00fcr 20mm Flansche)<br \/>&#8211; 3 x O-Ring Dichtungen f\u00fcr 1\/2&Prime; D\u00fcsen<br \/>&#8211; 3 x Winterkappe f\u00fcr 1\/2&Prime; D\u00fcsen<br \/>&#8211; 1 x Schaubenset M8 f\u00fcr die Befestigung von Dekorteilen<br \/>&#8211; 1 x O-Ring f\u00fcr mittlere Wasserd\u00fcsen (z.B. Loop Kanone)<\/p>\n<p><b>Wir empfehlen jedem Betreiber sich dieses Spezialpaket zu sichern.<\/b><\/p>\n<p>&nbsp;<\/p>\n","protected":false},"featured_media":28455,"template":"","meta":{"_acf_changed":false},"product_brand":[],"product_cat":[119,117],"product_tag":[],"class_list":{"0":"post-28458","1":"product","2":"type-product","3":"status-publish","4":"has-post-thumbnail","6":"product_cat-ersatzteile-wartung-service","7":"product_cat-attraktionen-wasserspeier-ersatzteile","9":"first","10":"instock","11":"taxable","12":"shipping-taxable","13":"purchasable","14":"product-type-simple"},"acf":[],"_links":{"self":[{"href":"https:\/\/roigk.de\/fr\/wp-json\/wp\/v2\/product\/28458","targetHints":{"allow":["GET"]}}],"collection":[{"href":"https:\/\/roigk.de\/fr\/wp-json\/wp\/v2\/product"}],"about":[{"href":"https:\/\/roigk.de\/fr\/wp-json\/wp\/v2\/types\/product"}],"wp:featuredmedia":[{"embeddable":true,"href":"https:\/\/roigk.de\/fr\/wp-json\/wp\/v2\/media\/28455"}],"wp:attachment":[{"href":"https:\/\/roigk.de\/fr\/wp-json\/wp\/v2\/media?parent=28458"}],"wp:term":[{"taxonomy":"product_brand","embeddable":true,"href":"https:\/\/roigk.de\/fr\/wp-json\/wp\/v2\/product_brand?post=28458"},{"taxonomy":"product_cat","embeddable":true,"href":"https:\/\/roigk.de\/fr\/wp-json\/wp\/v2\/product_cat?post=28458"},{"taxonomy":"product_tag","embeddable":true,"href":"https:\/\/roigk.de\/fr\/wp-json\/wp\/v2\/product_tag?post=28458"}],"curies":[{"name":"wp","href":"https:\/\/api.w.org\/{rel}","templated":true}]}}