{"id":28520,"date":"2024-11-15T11:24:53","date_gmt":"2024-11-15T11:24:53","guid":{"rendered":"https:\/\/roigk.de\/elevateur-pour-piscine-r10be-elektro\/"},"modified":"2026-01-21T09:20:32","modified_gmt":"2026-01-21T09:20:32","slug":"elevateur-pour-piscine-r10be-elektro","status":"publish","type":"product","link":"https:\/\/roigk.de\/fr\/elevateur-pour-piscine-r10be-elektro\/","title":{"rendered":"El\u00e9vateur pour piscine R10BE-elektro"},"content":{"rendered":"","protected":false},"excerpt":{"rendered":"<p>Notre \u00e9l\u00e9vateur pour piscine R10BE-\u00e9lectrique offre une solution accessible pour les visiteurs de piscines de tous types de handicaps. Avec un si\u00e8ge universel pour un confort optimal, cet \u00e9l\u00e9vateur transporte les utilisateurs en toute s\u00e9curit\u00e9 dans l&rsquo;eau. Sa conception l\u00e9g\u00e8re et compacte permet une manipulation et un stockage faciles, une seule personne \u00e9tant n\u00e9cessaire pour son fonctionnement.<\/p>\n<p>La derni\u00e8re version inclut un r\u00e9glage \u00e9lectrique, \u00e9liminant le besoin d&rsquo;une op\u00e9ration manuelle et augmentant la commodit\u00e9 de l&rsquo;utilisateur. Un si\u00e8ge fixe optionnel pour un confort suppl\u00e9mentaire est disponible. L&rsquo;\u00e9l\u00e9vateur peut \u00eatre facilement enlev\u00e9 et d\u00e9plac\u00e9 avec un chariot de transport optionnel.<\/p>\n<p>La fixation est r\u00e9alis\u00e9e \u00e0 l&rsquo;aide du manchon de sol R11BE disponible s\u00e9par\u00e9ment, qui assure une installation s\u00fbre et stable.<\/p>\n<p>Couleur : Blanc<br \/>Mat\u00e9riau : Acier inoxydable V4A (1.4571)<br \/>Capacit\u00e9 de charge : jusqu&rsquo;\u00e0 136 kg<br \/>Classe de dispositif m\u00e9dical : 1<br \/>Positionnement : Pour l&rsquo;installation au bord de la piscine dans les bains publics<br \/>Distance du bord de la piscine : Max. 500 mm en configuration standard<\/p>\n","protected":false},"featured_media":28518,"template":"","meta":{"_acf_changed":false},"product_brand":[],"product_cat":[157],"product_tag":[],"class_list":{"0":"post-28520","1":"product","2":"type-product","3":"status-publish","4":"has-post-thumbnail","6":"product_cat-elevateur-de-piscine","8":"first","9":"instock","10":"taxable","11":"shipping-taxable","12":"purchasable","13":"product-type-simple"},"acf":[],"_links":{"self":[{"href":"https:\/\/roigk.de\/fr\/wp-json\/wp\/v2\/product\/28520","targetHints":{"allow":["GET"]}}],"collection":[{"href":"https:\/\/roigk.de\/fr\/wp-json\/wp\/v2\/product"}],"about":[{"href":"https:\/\/roigk.de\/fr\/wp-json\/wp\/v2\/types\/product"}],"wp:featuredmedia":[{"embeddable":true,"href":"https:\/\/roigk.de\/fr\/wp-json\/wp\/v2\/media\/28518"}],"wp:attachment":[{"href":"https:\/\/roigk.de\/fr\/wp-json\/wp\/v2\/media?parent=28520"}],"wp:term":[{"taxonomy":"product_brand","embeddable":true,"href":"https:\/\/roigk.de\/fr\/wp-json\/wp\/v2\/product_brand?post=28520"},{"taxonomy":"product_cat","embeddable":true,"href":"https:\/\/roigk.de\/fr\/wp-json\/wp\/v2\/product_cat?post=28520"},{"taxonomy":"product_tag","embeddable":true,"href":"https:\/\/roigk.de\/fr\/wp-json\/wp\/v2\/product_tag?post=28520"}],"curies":[{"name":"wp","href":"https:\/\/api.w.org\/{rel}","templated":true}]}}