{"id":29633,"date":"2025-01-27T12:49:15","date_gmt":"2025-01-27T12:49:15","guid":{"rendered":"https:\/\/roigk.de\/secondplay-oxy-canard-r201704-50-bj2020-2\/"},"modified":"2026-01-21T09:17:08","modified_gmt":"2026-01-21T09:17:08","slug":"secondplay-oxy-canard-r201704-50-bj2020-2","status":"publish","type":"product","link":"https:\/\/roigk.de\/fr\/secondplay-oxy-canard-r201704-50-bj2020-2\/","title":{"rendered":"SecondPlay OXY Canard R201704-50 BJ2020"},"content":{"rendered":"","protected":false},"excerpt":{"rendered":"<p>Attraction d&#8217;eau us\u00e9e avec pr\u00e9paration &#8220;WieNeu&#8221; de ROIGK-SecondPlay avec garantie.<br \/>Conception d&#8217;apr\u00e8s photo (les d\u00e9tails individuels peuvent diff\u00e9rer du nouveau produit actuel)<br \/><b>Bride de pied adapt\u00e9e aux ancrages universels au sol<\/b><br \/>Pi\u00e8ce unique : sous r\u00e9serve de vente pr\u00e9alable !<\/p>\n","protected":false},"featured_media":29630,"template":"","meta":{"_acf_changed":false},"product_brand":[],"product_cat":[178],"product_tag":[],"class_list":{"0":"post-29633","1":"product","2":"type-product","3":"status-publish","4":"has-post-thumbnail","6":"product_cat-secondplay-attractions-doccasion-avec-label","8":"first","9":"instock","10":"taxable","11":"shipping-taxable","12":"purchasable","13":"product-type-simple"},"acf":[],"_links":{"self":[{"href":"https:\/\/roigk.de\/fr\/wp-json\/wp\/v2\/product\/29633","targetHints":{"allow":["GET"]}}],"collection":[{"href":"https:\/\/roigk.de\/fr\/wp-json\/wp\/v2\/product"}],"about":[{"href":"https:\/\/roigk.de\/fr\/wp-json\/wp\/v2\/types\/product"}],"wp:featuredmedia":[{"embeddable":true,"href":"https:\/\/roigk.de\/fr\/wp-json\/wp\/v2\/media\/29630"}],"wp:attachment":[{"href":"https:\/\/roigk.de\/fr\/wp-json\/wp\/v2\/media?parent=29633"}],"wp:term":[{"taxonomy":"product_brand","embeddable":true,"href":"https:\/\/roigk.de\/fr\/wp-json\/wp\/v2\/product_brand?post=29633"},{"taxonomy":"product_cat","embeddable":true,"href":"https:\/\/roigk.de\/fr\/wp-json\/wp\/v2\/product_cat?post=29633"},{"taxonomy":"product_tag","embeddable":true,"href":"https:\/\/roigk.de\/fr\/wp-json\/wp\/v2\/product_tag?post=29633"}],"curies":[{"name":"wp","href":"https:\/\/api.w.org\/{rel}","templated":true}]}}