{"id":29709,"date":"2025-03-01T15:21:19","date_gmt":"2025-03-01T15:21:19","guid":{"rendered":"https:\/\/roigk.de\/red-mamba-r003-023-10\/"},"modified":"2026-01-21T09:21:28","modified_gmt":"2026-01-21T09:21:28","slug":"red-mamba-r003-023-10","status":"publish","type":"product","link":"https:\/\/roigk.de\/fr\/red-mamba-r003-023-10\/","title":{"rendered":"RED Mamba R003-023-10"},"content":{"rendered":"","protected":false},"excerpt":{"rendered":"<p>Dix puissants jets d\u2019eau dansent en parfaite chor\u00e9graphie depuis le corps en acier inoxydable courb\u00e9, offrant une exp\u00e9rience rafra\u00eechissante et interactive aux enfants et tout-petits. La RED Mamba est l\u2019attraction id\u00e9ale pour le bord d\u2019un bassin pour tout-petits, garantissant des heures de plaisir aquatique. Gr\u00e2ce \u00e0 sa compatibilit\u00e9 avec notre double ancrage universel au sol 1800, elle s\u2019installe facilement et en toute s\u00e9curit\u00e9. Son rev\u00eatement en poudre rouge vif ne lui donne pas seulement son nom, mais en fait \u00e9galement un v\u00e9ritable point de mire dynamique dans tout spray park.<\/p>\n<p>Longueur : env. 3 135 mm<br \/>D\u00e9bit d\u2019eau : env. 20 l\/min<br \/>Pression de l\u2019eau : env. 0,18 bar<br \/>Public cible : Enfants et tout-petits<br \/>Positionnement : Au bord d\u2019un bassin pour enfants, projetant de l\u2019eau dans le bassin<br \/>Ancrage au sol : ex. Double ancrage universel au sol R8214EN-E-1800<br \/>Mat\u00e9riau : Acier inoxydable V4A (1.4404), rev\u00eatement en poudre<br \/>Copyright &amp; Design : Markus Ehring<\/p>\n","protected":false},"featured_media":30710,"template":"","meta":{"_acf_changed":false},"product_brand":[],"product_cat":[308,182],"product_tag":[],"class_list":{"0":"post-29709","1":"product","2":"type-product","3":"status-publish","4":"has-post-thumbnail","6":"product_cat-gargouilles-pour-les-piscines-des-tout-petits","7":"product_cat-parc-animalier-fibre-de-verre-renforcee-adorables-animaux","9":"first","10":"instock","11":"taxable","12":"shipping-taxable","13":"purchasable","14":"product-type-simple"},"acf":[],"_links":{"self":[{"href":"https:\/\/roigk.de\/fr\/wp-json\/wp\/v2\/product\/29709","targetHints":{"allow":["GET"]}}],"collection":[{"href":"https:\/\/roigk.de\/fr\/wp-json\/wp\/v2\/product"}],"about":[{"href":"https:\/\/roigk.de\/fr\/wp-json\/wp\/v2\/types\/product"}],"wp:featuredmedia":[{"embeddable":true,"href":"https:\/\/roigk.de\/fr\/wp-json\/wp\/v2\/media\/30710"}],"wp:attachment":[{"href":"https:\/\/roigk.de\/fr\/wp-json\/wp\/v2\/media?parent=29709"}],"wp:term":[{"taxonomy":"product_brand","embeddable":true,"href":"https:\/\/roigk.de\/fr\/wp-json\/wp\/v2\/product_brand?post=29709"},{"taxonomy":"product_cat","embeddable":true,"href":"https:\/\/roigk.de\/fr\/wp-json\/wp\/v2\/product_cat?post=29709"},{"taxonomy":"product_tag","embeddable":true,"href":"https:\/\/roigk.de\/fr\/wp-json\/wp\/v2\/product_tag?post=29709"}],"curies":[{"name":"wp","href":"https:\/\/api.w.org\/{rel}","templated":true}]}}