{"id":29762,"date":"2025-04-06T16:30:14","date_gmt":"2025-04-06T16:30:14","guid":{"rendered":"https:\/\/roigk.de\/jeu-deau-avec-3-cones-renversants-r8735-30\/"},"modified":"2026-01-21T09:21:43","modified_gmt":"2026-01-21T09:21:43","slug":"jeu-deau-avec-3-cones-renversants-r8735-30","status":"publish","type":"product","link":"https:\/\/roigk.de\/fr\/jeu-deau-avec-3-cones-renversants-r8735-30\/","title":{"rendered":"Jeu d&rsquo;eau avec 3 c\u00f4nes renversants R8735-30"},"content":{"rendered":"","protected":false},"excerpt":{"rendered":"<p><span>Un jeu d&rsquo;eau compact et color\u00e9, id\u00e9al pour les petits bassins d&rsquo;attraction ou les spray parks \u00e0 espace r\u00e9duit. Trois c\u00f4nes color\u00e9s basculants cr\u00e9ent des effets d&rsquo;eau ludiques et surprenants, enchantant les enfants tout en leur apportant fra\u00eecheur et divertissement. Un \u00e9quipement ludique robuste et facile d\u2019entretien, garantissant un grand plaisir aquatique m\u00eame sur des surfaces limit\u00e9es.<\/span><\/p>\n<p><span><b>Caract\u00e9ristiques techniques :<\/b><\/span><\/p>\n<ul>\n<li>\n<p><span>Hauteur : 3 600 mm<\/span><\/p>\n<\/li>\n<li>\n<p><span>D\u00e9bit d&rsquo;eau : 20 \u00e0 60 l\/min<\/span><\/p>\n<\/li>\n<li>\n<p><span>Pression d&rsquo;eau : 0,35 \u00e0 0,5 bar<\/span><\/p>\n<\/li>\n<li>\n<p><span>Groupe cible : Enfants<\/span><\/p>\n<\/li>\n<li>\n<p><span>Positionnement : Bassins d&rsquo;attraction ou spray parks (WT max. = 1 300 mm ou 500 mm avec volant manuel)<\/span><\/p>\n<\/li>\n<li>\n<p><span>Mat\u00e9riau : Acier inoxydable V4A (1.4571), plastique renforc\u00e9 de fibre de verre (PRV), structure avec triple rev\u00eatement en poudre (RAL 5005)<\/span><\/p>\n<\/li>\n<\/ul>\n","protected":false},"featured_media":30635,"template":"","meta":{"_acf_changed":false},"product_brand":[],"product_cat":[170],"product_tag":[],"class_list":{"0":"post-29762","1":"product","2":"type-product","3":"status-publish","4":"has-post-thumbnail","6":"product_cat-craft-action-interactive","8":"first","9":"instock","10":"taxable","11":"shipping-taxable","12":"purchasable","13":"product-type-simple"},"acf":[],"_links":{"self":[{"href":"https:\/\/roigk.de\/fr\/wp-json\/wp\/v2\/product\/29762","targetHints":{"allow":["GET"]}}],"collection":[{"href":"https:\/\/roigk.de\/fr\/wp-json\/wp\/v2\/product"}],"about":[{"href":"https:\/\/roigk.de\/fr\/wp-json\/wp\/v2\/types\/product"}],"wp:featuredmedia":[{"embeddable":true,"href":"https:\/\/roigk.de\/fr\/wp-json\/wp\/v2\/media\/30635"}],"wp:attachment":[{"href":"https:\/\/roigk.de\/fr\/wp-json\/wp\/v2\/media?parent=29762"}],"wp:term":[{"taxonomy":"product_brand","embeddable":true,"href":"https:\/\/roigk.de\/fr\/wp-json\/wp\/v2\/product_brand?post=29762"},{"taxonomy":"product_cat","embeddable":true,"href":"https:\/\/roigk.de\/fr\/wp-json\/wp\/v2\/product_cat?post=29762"},{"taxonomy":"product_tag","embeddable":true,"href":"https:\/\/roigk.de\/fr\/wp-json\/wp\/v2\/product_tag?post=29762"}],"curies":[{"name":"wp","href":"https:\/\/api.w.org\/{rel}","templated":true}]}}