{"id":29801,"date":"2025-05-06T09:09:46","date_gmt":"2025-05-06T09:09:46","guid":{"rendered":"https:\/\/roigk.de\/table-de-jeu-aquatique-interactif-ruisseau-daventure-2-r003-026-40\/"},"modified":"2026-01-21T09:23:38","modified_gmt":"2026-01-21T09:23:38","slug":"table-de-jeu-aquatique-interactif-ruisseau-daventure-2-r003-026-40","status":"publish","type":"product","link":"https:\/\/roigk.de\/fr\/table-de-jeu-aquatique-interactif-ruisseau-daventure-2-r003-026-40\/","title":{"rendered":"Table de Jeu Aquatique Interactif \u00ab Ruisseau d&rsquo;Aventure #1 \u00bb R003-026-40"},"content":{"rendered":"","protected":false},"excerpt":{"rendered":"<p>La table de jeu aquatique interactive \u00ab\u202fRuisseau d\u2019Aventure #2\u202f\u00bb invite les enfants \u00e0 d\u00e9couvrir l\u2019eau de mani\u00e8re ludique et \u00e0 l\u2019exp\u00e9rimenter activement. Des \u00e9l\u00e9ments ludiques et interactifs tels qu\u2019un canard mobile et une \u00e9toile de mer mobile en verre Colourshine, ainsi qu\u2019une buse souple interactive, stimulent la cr\u00e9ativit\u00e9 et la motricit\u00e9 de mani\u00e8re ludique.<\/p>\n<p>Deux si\u00e8ges en verre Colourshine, dont l\u2019un en forme de poisson, offrent aux parents un confort appr\u00e9ciable \u00e0 proximit\u00e9 de leurs enfants.<\/p>\n<p>Parfaite pour les bassins pour tout-petits ou les sprayparks, elle cr\u00e9e un environnement de jeu aquatique s\u00fbr et amusant. Gr\u00e2ce \u00e0 son installation simple avec le double ancrage universel au sol 1800, la table de jeu s\u2019int\u00e8gre harmonieusement dans tous les environnements aquatiques.<\/p>\n<p>Longueur : env. 2600 mm<br \/> Hauteur de jeu : env. 380 mm<br \/> Mat\u00e9riau : Acier inoxydable 1.4571 (316Ti), verre Colourshine<br \/> D\u00e9bit d\u2019eau : env. 50 l\/min<br \/> Pression d\u2019eau : 0,1 bar<br \/> Fixation : Double ancrage universel au sol 1800 (non inclus)<\/p>\n","protected":false},"featured_media":29798,"template":"","meta":{"_acf_changed":false},"product_brand":[],"product_cat":[170],"product_tag":[],"class_list":{"0":"post-29801","1":"product","2":"type-product","3":"status-publish","4":"has-post-thumbnail","6":"product_cat-craft-action-interactive","8":"first","9":"instock","10":"taxable","11":"shipping-taxable","12":"purchasable","13":"product-type-simple"},"acf":[],"_links":{"self":[{"href":"https:\/\/roigk.de\/fr\/wp-json\/wp\/v2\/product\/29801","targetHints":{"allow":["GET"]}}],"collection":[{"href":"https:\/\/roigk.de\/fr\/wp-json\/wp\/v2\/product"}],"about":[{"href":"https:\/\/roigk.de\/fr\/wp-json\/wp\/v2\/types\/product"}],"wp:featuredmedia":[{"embeddable":true,"href":"https:\/\/roigk.de\/fr\/wp-json\/wp\/v2\/media\/29798"}],"wp:attachment":[{"href":"https:\/\/roigk.de\/fr\/wp-json\/wp\/v2\/media?parent=29801"}],"wp:term":[{"taxonomy":"product_brand","embeddable":true,"href":"https:\/\/roigk.de\/fr\/wp-json\/wp\/v2\/product_brand?post=29801"},{"taxonomy":"product_cat","embeddable":true,"href":"https:\/\/roigk.de\/fr\/wp-json\/wp\/v2\/product_cat?post=29801"},{"taxonomy":"product_tag","embeddable":true,"href":"https:\/\/roigk.de\/fr\/wp-json\/wp\/v2\/product_tag?post=29801"}],"curies":[{"name":"wp","href":"https:\/\/api.w.org\/{rel}","templated":true}]}}