{"id":30017,"date":"2025-06-04T16:49:42","date_gmt":"2025-06-04T16:49:42","guid":{"rendered":"https:\/\/roigk.de\/reservoir-de-collecte-pour-les-lignes-de-nage-de-25-m-r1611-25n\/"},"modified":"2026-01-21T09:25:31","modified_gmt":"2026-01-21T09:25:31","slug":"reservoir-de-collecte-pour-les-lignes-de-nage-de-25-m-r1611-25n","status":"publish","type":"product","link":"https:\/\/roigk.de\/fr\/reservoir-de-collecte-pour-les-lignes-de-nage-de-25-m-r1611-25n\/","title":{"rendered":"R\u00e9servoir de collecte pour les lignes de nage de 25 m R1611-25N"},"content":{"rendered":"","protected":false},"excerpt":{"rendered":"<p>Ces r\u00e9cipients ronds et coniques de verre permettent d\u2019ins\u00e9rer les lignes de nage proprement sans accrochage. Une prise d\u2019\u00e9coulement au sol permet d\u2019\u00e9vacuer librement l\u2019eau ou de la raccorder \u00e0 un tuyau d\u2019\u00e9vacuation. L\u2019installation est r\u00e9alis\u00e9e avec des cordes au plafond du sous-sol. Une zone correspondante doit \u00eatre laiss\u00e9e libre au sous-sol lors de la planification.<\/p>\n<p>Couleur : bleu<br \/>R1611-25N : pour ligne de nage de 25 m Wavekiller<br \/>Taille : 1.250 x 800 mm<br \/>Positionnement : environ 500 \u00e0 800 mm sous le plafond du sous-sol<\/p>\n","protected":false},"featured_media":30713,"template":"","meta":{"_acf_changed":false},"product_brand":[],"product_cat":[158],"product_tag":[],"class_list":{"0":"post-30017","1":"product","2":"type-product","3":"status-publish","4":"has-post-thumbnail","6":"product_cat-lignes-de-nage-lignes-de-separation-et-douilles-de-sol","8":"first","9":"instock","10":"taxable","11":"shipping-taxable","12":"purchasable","13":"product-type-simple"},"acf":[],"_links":{"self":[{"href":"https:\/\/roigk.de\/fr\/wp-json\/wp\/v2\/product\/30017","targetHints":{"allow":["GET"]}}],"collection":[{"href":"https:\/\/roigk.de\/fr\/wp-json\/wp\/v2\/product"}],"about":[{"href":"https:\/\/roigk.de\/fr\/wp-json\/wp\/v2\/types\/product"}],"wp:featuredmedia":[{"embeddable":true,"href":"https:\/\/roigk.de\/fr\/wp-json\/wp\/v2\/media\/30713"}],"wp:attachment":[{"href":"https:\/\/roigk.de\/fr\/wp-json\/wp\/v2\/media?parent=30017"}],"wp:term":[{"taxonomy":"product_brand","embeddable":true,"href":"https:\/\/roigk.de\/fr\/wp-json\/wp\/v2\/product_brand?post=30017"},{"taxonomy":"product_cat","embeddable":true,"href":"https:\/\/roigk.de\/fr\/wp-json\/wp\/v2\/product_cat?post=30017"},{"taxonomy":"product_tag","embeddable":true,"href":"https:\/\/roigk.de\/fr\/wp-json\/wp\/v2\/product_tag?post=30017"}],"curies":[{"name":"wp","href":"https:\/\/api.w.org\/{rel}","templated":true}]}}