{"id":30033,"date":"2025-06-28T10:08:41","date_gmt":"2025-06-28T10:08:41","guid":{"rendered":"https:\/\/roigk.de\/cobra-royale-a-jet-deau-1-r003-024-10-pour-bord-de-bassin\/"},"modified":"2026-01-21T09:25:39","modified_gmt":"2026-01-21T09:25:39","slug":"cobra-royale-a-jet-deau-1-r003-024-10-pour-bord-de-bassin","status":"publish","type":"product","link":"https:\/\/roigk.de\/fr\/cobra-royale-a-jet-deau-1-r003-024-10-pour-bord-de-bassin\/","title":{"rendered":"Cobra Royale \u00e0 Jet d\u2019Eau #1 R003-024-10 (pour bord de bassin)"},"content":{"rendered":"","protected":false},"excerpt":{"rendered":"<p>Cinq jets d\u2019eau puissants jaillissent avec une chor\u00e9graphie parfaite du corps \u00e9l\u00e9gant en acier inoxydable incurv\u00e9, offrant une exp\u00e9rience aquatique interactive et rafra\u00eechissante aux enfants et aux tout-petits.<br \/>Sp\u00e9cialement con\u00e7ue pour les tr\u00e8s jeunes enfants, la Cobra Royale est l\u2019attraction id\u00e9ale au bord d\u2019un bassin pour enfants. Elle invite au jeu, stimule les sens et encourage le mouvement.<br \/>Gr\u00e2ce \u00e0 sa compatibilit\u00e9 avec notre ancrage universel, la Cobra Royale se monte facilement, rapidement et en toute s\u00e9curit\u00e9 \u2013 au bord du bassin ou dans une zone \u00e0 faible profondeur.<\/p>\n<p>\u2022 Hauteur : env. 900 mm<br \/>\u2022 D\u00e9bit d\u2019eau : env. 6 l\/min<br \/>\u2022 Pression d\u2019eau : env. 0,15 bar<br \/>\u2022 Public cible : enfants et tout-petits<br \/>\u2022 Positionnement : au bord du bassin (jet vers l\u2019int\u00e9rieur) ou dans le bassin si profondeur &lt; env. 300 mm<br \/>\u2022 Ancrage au sol : Ancrage universel R8214EN-E-XX<br \/>\u2022 Mat\u00e9riau : acier inoxydable V4A (1.4404), rev\u00eatement par poudre<br \/>Copyright &amp; Design : Markus Ehring<\/p>\n","protected":false},"featured_media":30198,"template":"","meta":{"_acf_changed":false},"product_brand":[],"product_cat":[308],"product_tag":[],"class_list":{"0":"post-30033","1":"product","2":"type-product","3":"status-publish","4":"has-post-thumbnail","6":"product_cat-gargouilles-pour-les-piscines-des-tout-petits","8":"first","9":"instock","10":"taxable","11":"shipping-taxable","12":"purchasable","13":"product-type-simple"},"acf":[],"_links":{"self":[{"href":"https:\/\/roigk.de\/fr\/wp-json\/wp\/v2\/product\/30033","targetHints":{"allow":["GET"]}}],"collection":[{"href":"https:\/\/roigk.de\/fr\/wp-json\/wp\/v2\/product"}],"about":[{"href":"https:\/\/roigk.de\/fr\/wp-json\/wp\/v2\/types\/product"}],"wp:featuredmedia":[{"embeddable":true,"href":"https:\/\/roigk.de\/fr\/wp-json\/wp\/v2\/media\/30198"}],"wp:attachment":[{"href":"https:\/\/roigk.de\/fr\/wp-json\/wp\/v2\/media?parent=30033"}],"wp:term":[{"taxonomy":"product_brand","embeddable":true,"href":"https:\/\/roigk.de\/fr\/wp-json\/wp\/v2\/product_brand?post=30033"},{"taxonomy":"product_cat","embeddable":true,"href":"https:\/\/roigk.de\/fr\/wp-json\/wp\/v2\/product_cat?post=30033"},{"taxonomy":"product_tag","embeddable":true,"href":"https:\/\/roigk.de\/fr\/wp-json\/wp\/v2\/product_tag?post=30033"}],"curies":[{"name":"wp","href":"https:\/\/api.w.org\/{rel}","templated":true}]}}