{"id":30097,"date":"2025-06-28T20:21:36","date_gmt":"2025-06-28T20:21:36","guid":{"rendered":"https:\/\/roigk.de\/cobra-royale-interactive-2-r003-024-20-pour-spray-parks\/"},"modified":"2026-01-21T09:25:48","modified_gmt":"2026-01-21T09:25:48","slug":"cobra-royale-interactive-2-r003-024-20-pour-spray-parks","status":"publish","type":"product","link":"https:\/\/roigk.de\/fr\/cobra-royale-interactive-2-r003-024-20-pour-spray-parks\/","title":{"rendered":"Cobra Royale Interactive #2 R003-024-20 (pour Spray Parks)"},"content":{"rendered":"","protected":false},"excerpt":{"rendered":"<p>Cinq jets d\u2019eau dynamiques jaillissent en parfaite chor\u00e9graphie du corps \u00e9l\u00e9gant en acier inoxydable \u2013 et une buse souple et mobile transforme la Cobra Royale en une attraction v\u00e9ritablement interactive\u202f!<br \/>Les enfants peuvent viser, arroser et contr\u00f4ler le jet d\u2019eau, \u00e9claboussant maman ou surprenant les copains \u2013 pour des rires et des jeux sans fin au spray park.<br \/>La buse en caoutchouc souple offre un jeu s\u00e9curis\u00e9, m\u00eame pour les plus petits, tout en leur donnant le pouvoir de diriger l\u2019eau. L\u2019installation avec notre ancrage universel est simple et fiable.<\/p>\n<p>\u2022 Hauteur : env. 900 mm<br \/>\u2022 D\u00e9bit d\u2019eau : env. 12 l\/min<br \/>\u2022 Pression : env. 0,15 bar<br \/>\u2022 Public cible : enfants d\u00e8s 2 ans<br \/>\u2022 Sp\u00e9cificit\u00e9 : buse souple flexible \u2013 jet d\u2019eau dirig\u00e9<br \/>\u2022 Positionnement : autonome dans un spray park ou aire de jeux aquatique<br \/>\u2022 Ancrage : Ancrage universel R8214EN-E-XX<br \/>\u2022 Mat\u00e9riau : acier inoxydable V4A (1.4404), rev\u00eatement poudre, buse en caoutchouc souple<br \/>Copyright &amp; Design : Markus Ehring<\/p>\n","protected":false},"featured_media":30201,"template":"","meta":{"_acf_changed":false},"product_brand":[],"product_cat":[173],"product_tag":[],"class_list":{"0":"post-30097","1":"product","2":"type-product","3":"status-publish","4":"has-post-thumbnail","6":"product_cat-oxy-un-veritable-plaisir-aquatique","8":"first","9":"instock","10":"taxable","11":"shipping-taxable","12":"purchasable","13":"product-type-simple"},"acf":[],"_links":{"self":[{"href":"https:\/\/roigk.de\/fr\/wp-json\/wp\/v2\/product\/30097","targetHints":{"allow":["GET"]}}],"collection":[{"href":"https:\/\/roigk.de\/fr\/wp-json\/wp\/v2\/product"}],"about":[{"href":"https:\/\/roigk.de\/fr\/wp-json\/wp\/v2\/types\/product"}],"wp:featuredmedia":[{"embeddable":true,"href":"https:\/\/roigk.de\/fr\/wp-json\/wp\/v2\/media\/30201"}],"wp:attachment":[{"href":"https:\/\/roigk.de\/fr\/wp-json\/wp\/v2\/media?parent=30097"}],"wp:term":[{"taxonomy":"product_brand","embeddable":true,"href":"https:\/\/roigk.de\/fr\/wp-json\/wp\/v2\/product_brand?post=30097"},{"taxonomy":"product_cat","embeddable":true,"href":"https:\/\/roigk.de\/fr\/wp-json\/wp\/v2\/product_cat?post=30097"},{"taxonomy":"product_tag","embeddable":true,"href":"https:\/\/roigk.de\/fr\/wp-json\/wp\/v2\/product_tag?post=30097"}],"curies":[{"name":"wp","href":"https:\/\/api.w.org\/{rel}","templated":true}]}}