{"id":30104,"date":"2025-06-28T20:22:45","date_gmt":"2025-06-28T20:22:45","guid":{"rendered":"https:\/\/roigk.de\/cobra-royale-rotative-3-r003-024-30-pour-spray-parks\/"},"modified":"2026-01-21T09:25:56","modified_gmt":"2026-01-21T09:25:56","slug":"cobra-royale-rotative-3-r003-024-30-pour-spray-parks","status":"publish","type":"product","link":"https:\/\/roigk.de\/fr\/cobra-royale-rotative-3-r003-024-30-pour-spray-parks\/","title":{"rendered":"Cobra Royale Rotative #3 R003-024-30 (pour Spray Parks)"},"content":{"rendered":"","protected":false},"excerpt":{"rendered":"<p>Cette Cobra Royale met le jeu en mouvement : gr\u00e2ce \u00e0 sa base rotative, elle devient l\u2019attraction centrale des aires de jeux aquatiques \u2013 pour des \u00e9claboussures joyeuses dans toutes les directions.<br \/>Les jets d\u2019eau de la t\u00eate et de la queue fonctionnent simultan\u00e9ment, pendant que les enfants font tourner la figure eux-m\u00eames. Des effets d\u2019eau dynamiques invitent \u00e0 jouer, interagir et se d\u00e9penser \u2013 seul ou \u00e0 plusieurs.<br \/>Sa construction en acier inoxydable est robuste et n\u00e9cessite peu d\u2019entretien. La rotation est enti\u00e8rement m\u00e9canique \u2013 sans \u00e9lectricit\u00e9 ni composants \u00e9lectroniques \u2013 con\u00e7ue pour une utilisation durable dans l\u2019espace public.<\/p>\n<p>\u2022 Hauteur : env. 900 mm<br \/>\u2022 D\u00e9bit d\u2019eau : env. 12 l\/min<br \/>\u2022 Pression d\u2019eau : env. 0,15 bar<br \/>\u2022 Public cible : enfants \u00e0 partir de 3 ans<br \/>\u2022 Sp\u00e9cificit\u00e9 : base rotative avec jets t\u00eate et queue en simultan\u00e9, effet 360\u00b0<br \/>\u2022 Positionnement : autonome dans les spray parks<br \/>\u2022 Ancrage : ancrage universel R8214EN-E-XX<br \/>\u2022 Mat\u00e9riau : acier inoxydable V4A (1.4404), rev\u00eatement par poudre, m\u00e9canisme rotatif m\u00e9canique<br \/>Copyright &amp; Design : Markus Ehring<\/p>\n","protected":false},"featured_media":30205,"template":"","meta":{"_acf_changed":false},"product_brand":[],"product_cat":[173],"product_tag":[],"class_list":{"0":"post-30104","1":"product","2":"type-product","3":"status-publish","4":"has-post-thumbnail","6":"product_cat-oxy-un-veritable-plaisir-aquatique","8":"first","9":"instock","10":"taxable","11":"shipping-taxable","12":"purchasable","13":"product-type-simple"},"acf":[],"_links":{"self":[{"href":"https:\/\/roigk.de\/fr\/wp-json\/wp\/v2\/product\/30104","targetHints":{"allow":["GET"]}}],"collection":[{"href":"https:\/\/roigk.de\/fr\/wp-json\/wp\/v2\/product"}],"about":[{"href":"https:\/\/roigk.de\/fr\/wp-json\/wp\/v2\/types\/product"}],"wp:featuredmedia":[{"embeddable":true,"href":"https:\/\/roigk.de\/fr\/wp-json\/wp\/v2\/media\/30205"}],"wp:attachment":[{"href":"https:\/\/roigk.de\/fr\/wp-json\/wp\/v2\/media?parent=30104"}],"wp:term":[{"taxonomy":"product_brand","embeddable":true,"href":"https:\/\/roigk.de\/fr\/wp-json\/wp\/v2\/product_brand?post=30104"},{"taxonomy":"product_cat","embeddable":true,"href":"https:\/\/roigk.de\/fr\/wp-json\/wp\/v2\/product_cat?post=30104"},{"taxonomy":"product_tag","embeddable":true,"href":"https:\/\/roigk.de\/fr\/wp-json\/wp\/v2\/product_tag?post=30104"}],"curies":[{"name":"wp","href":"https:\/\/api.w.org\/{rel}","templated":true}]}}