{"id":30210,"date":"2025-10-07T15:33:58","date_gmt":"2025-10-07T15:33:58","guid":{"rendered":"https:\/\/roigk.de\/double-cobra-royal-pivotant-n-4-r003-024-30-pour-parcs-aquatiques\/"},"modified":"2026-01-21T09:26:28","modified_gmt":"2026-01-21T09:26:28","slug":"double-cobra-royal-pivotant-n-4-r003-024-30-pour-parcs-aquatiques","status":"publish","type":"product","link":"https:\/\/roigk.de\/fr\/double-cobra-royal-pivotant-n-4-r003-024-30-pour-parcs-aquatiques\/","title":{"rendered":"Double cobra royal pivotant n\u00b0 4 R003-024-40 (pour parcs aquatiques)"},"content":{"rendered":"","protected":false},"excerpt":{"rendered":"<p>Ce double cobra royal apporte du mouvement dans le jeu : gr\u00e2ce \u00e0 son pied pivotant, il devient une attraction aquatique tournante dans le parc aquatique et garantit des \u00e9claboussures amusantes dans toutes les directions.<br \/>De l&rsquo;eau jaillit simultan\u00e9ment des deux t\u00eates, tandis que les enfants peuvent faire tourner eux-m\u00eames la figurine. Cela cr\u00e9e des images aquatiques dynamiques qui invitent \u00e0 l&rsquo;interaction, au mouvement et \u00e0 la joie, que ce soit seul ou \u00e0 plusieurs.<br \/>La construction robuste en acier inoxydable est durable et n\u00e9cessite peu d&rsquo;entretien. Le m\u00e9canisme de rotation fonctionne de mani\u00e8re purement m\u00e9canique, sans \u00e9lectricit\u00e9 ni \u00e9lectronique, et est sp\u00e9cialement con\u00e7u pour une utilisation permanente dans les espaces publics.<\/p>\n<p>\u2022 Hauteur : environ 900 mm<br \/>\u2022 D\u00e9bit d&rsquo;eau : environ 12 l\/min<br \/>\u2022 Pression d&rsquo;eau : environ 0,15 bar<br \/>\u2022 Groupe cible : enfants \u00e0 partir de 3 ans<br \/>\u2022 Particularit\u00e9 : pied pivotant avec jet combin\u00e9 en t\u00eate et en queue pour une exp\u00e9rience aquatique compl\u00e8te<br \/>\u2022 Positionnement : autonome dans le parc aquatique<br \/>\u2022 Ancrage au sol : ancrage universel R8214EN-E-XX<br \/>\u2022 Mat\u00e9riau : acier inoxydable V4A (1.4404), rev\u00eatement par poudre, avec palier pivotant m\u00e9canique<br \/>Copyright &amp; Design : Markus Ehring<\/p>\n","protected":false},"featured_media":30208,"template":"","meta":{"_acf_changed":false},"product_brand":[],"product_cat":[173],"product_tag":[],"class_list":{"0":"post-30210","1":"product","2":"type-product","3":"status-publish","4":"has-post-thumbnail","6":"product_cat-oxy-un-veritable-plaisir-aquatique","8":"first","9":"instock","10":"taxable","11":"shipping-taxable","12":"purchasable","13":"product-type-simple"},"acf":[],"_links":{"self":[{"href":"https:\/\/roigk.de\/fr\/wp-json\/wp\/v2\/product\/30210","targetHints":{"allow":["GET"]}}],"collection":[{"href":"https:\/\/roigk.de\/fr\/wp-json\/wp\/v2\/product"}],"about":[{"href":"https:\/\/roigk.de\/fr\/wp-json\/wp\/v2\/types\/product"}],"wp:featuredmedia":[{"embeddable":true,"href":"https:\/\/roigk.de\/fr\/wp-json\/wp\/v2\/media\/30208"}],"wp:attachment":[{"href":"https:\/\/roigk.de\/fr\/wp-json\/wp\/v2\/media?parent=30210"}],"wp:term":[{"taxonomy":"product_brand","embeddable":true,"href":"https:\/\/roigk.de\/fr\/wp-json\/wp\/v2\/product_brand?post=30210"},{"taxonomy":"product_cat","embeddable":true,"href":"https:\/\/roigk.de\/fr\/wp-json\/wp\/v2\/product_cat?post=30210"},{"taxonomy":"product_tag","embeddable":true,"href":"https:\/\/roigk.de\/fr\/wp-json\/wp\/v2\/product_tag?post=30210"}],"curies":[{"name":"wp","href":"https:\/\/api.w.org\/{rel}","templated":true}]}}