{"id":30533,"date":"2025-11-18T16:29:27","date_gmt":"2025-11-18T16:29:27","guid":{"rendered":"https:\/\/roigk.de\/ecocolor-champignon-deau-r8214-2200-10\/"},"modified":"2026-01-21T09:26:36","modified_gmt":"2026-01-21T09:26:36","slug":"ecocolor-champignon-deau-r8214-2200-10","status":"publish","type":"product","link":"https:\/\/roigk.de\/fr\/ecocolor-champignon-deau-r8214-2200-10\/","title":{"rendered":"EcoColor Champignon d&rsquo;Eau R8214-2200-10"},"content":{"rendered":"","protected":false},"excerpt":{"rendered":"<p>Le grand champignon d\u2019eau EcoColor s\u00e9duit par ses dimensions imposantes, son design moderne et multicolore ainsi que sa colonne \u00e9l\u00e9gamment courb\u00e9e avec rev\u00eatement en poudre. Gr\u00e2ce \u00e0 sa conception optimis\u00e9e et \u00e0 la buse en forme de calice WAVE int\u00e9gr\u00e9e, il cr\u00e9e un rideau d\u2019eau large et harmonieux, appr\u00e9ci\u00e9 aussi bien par les enfants que par les familles. Malgr\u00e9 sa taille g\u00e9n\u00e9reuse, le champignon d\u2019eau fonctionne avec une consommation d\u2019eau r\u00e9duite et efficace, et b\u00e9n\u00e9ficie d\u2019un rev\u00eatement extr\u00eamement robuste et r\u00e9sistant. L\u2019EcoColor \u00e9tablit ainsi de nouvelles r\u00e9f\u00e9rences en mati\u00e8re de durabilit\u00e9, de s\u00e9curit\u00e9 et de design contemporain \u2013 id\u00e9al pour les aires de jeux aquatiques et les bassins familiaux.<\/p>\n<p><b>Diam\u00e8tre du champignon :<\/b> 2 200 mm<br \/> <b>Hauteur :<\/b> 2 600 mm<br \/> <b>D\u00e9bit d\u2019eau :<\/b> 36 l\/min<br \/> <b>Pression d\u2019eau :<\/b> 0,3 bar<br \/> <b>Public cible :<\/b> Enfants &amp; familles<br \/> <b>Emplacement :<\/b> Aire de jeux aquatiques (spray park) ou zone peu profonde (profondeur d\u2019eau env. 500 mm)<br \/> <b>Mat\u00e9riau :<\/b> Acier inoxydable V4A (1.4571), plastique renforc\u00e9 de fibres de verre (PRV \/ GFRP)<\/p>\n<p>&nbsp;<\/p>\n","protected":false},"featured_media":30527,"template":"","meta":{"_acf_changed":false},"product_brand":[],"product_cat":[170],"product_tag":[],"class_list":{"0":"post-30533","1":"product","2":"type-product","3":"status-publish","4":"has-post-thumbnail","6":"product_cat-craft-action-interactive","8":"first","9":"instock","10":"taxable","11":"shipping-taxable","12":"purchasable","13":"product-type-simple"},"acf":[],"_links":{"self":[{"href":"https:\/\/roigk.de\/fr\/wp-json\/wp\/v2\/product\/30533","targetHints":{"allow":["GET"]}}],"collection":[{"href":"https:\/\/roigk.de\/fr\/wp-json\/wp\/v2\/product"}],"about":[{"href":"https:\/\/roigk.de\/fr\/wp-json\/wp\/v2\/types\/product"}],"wp:featuredmedia":[{"embeddable":true,"href":"https:\/\/roigk.de\/fr\/wp-json\/wp\/v2\/media\/30527"}],"wp:attachment":[{"href":"https:\/\/roigk.de\/fr\/wp-json\/wp\/v2\/media?parent=30533"}],"wp:term":[{"taxonomy":"product_brand","embeddable":true,"href":"https:\/\/roigk.de\/fr\/wp-json\/wp\/v2\/product_brand?post=30533"},{"taxonomy":"product_cat","embeddable":true,"href":"https:\/\/roigk.de\/fr\/wp-json\/wp\/v2\/product_cat?post=30533"},{"taxonomy":"product_tag","embeddable":true,"href":"https:\/\/roigk.de\/fr\/wp-json\/wp\/v2\/product_tag?post=30533"}],"curies":[{"name":"wp","href":"https:\/\/api.w.org\/{rel}","templated":true}]}}