{"id":30588,"date":"2025-11-18T17:35:38","date_gmt":"2025-11-18T17:35:38","guid":{"rendered":"https:\/\/roigk.de\/flow-fleur-de-lotus-9-r003-016-90\/"},"modified":"2026-01-21T09:26:42","modified_gmt":"2026-01-21T09:26:42","slug":"flow-fleur-de-lotus-9-r003-016-90","status":"publish","type":"product","link":"https:\/\/roigk.de\/fr\/flow-fleur-de-lotus-9-r003-016-90\/","title":{"rendered":"FLOW Fleur de lotus #9 R003-016-90"},"content":{"rendered":"","protected":false},"excerpt":{"rendered":"<p>La FLOW Fleur de Lotus #9 est un jeu aquatique interactif et rotatif, dot\u00e9 de p\u00e9tales translucides et d\u2019un jet d\u2019eau doux \u00e0 plusieurs filets. La rotation des p\u00e9tales cr\u00e9e une courbe d\u2019eau dynamique qui invite les enfants \u00e0 toucher, explorer et interagir avec le jet. Gr\u00e2ce \u00e0 sa conception compacte et \u00e0 son effet d\u2019eau tr\u00e8s doux, la fleur de lotus est id\u00e9ale pour les aires de jeux aquatiques et les zones peu profondes o\u00f9 la s\u00e9curit\u00e9 et la douceur du jeu sont essentielles.<\/p>\n<p><b>Hauteur :<\/b> env. 560 mm<br \/> <b>D\u00e9bit d\u2019eau :<\/b> 8 l\/min<br \/> <b>Pression d\u2019eau :<\/b> 0,25 bar<br \/> <b>Port\u00e9e du jet :<\/b> env. 1,5 m<br \/> <b>Public cible :<\/b> Enfants<br \/> <b>Emplacement :<\/b> Spray parks, zones peu profondes (profondeur 0\u2013400 mm)<br \/> <b>Mat\u00e9riau :<\/b> Acier inoxydable V4A (1.4571), verre Colourshine<br \/> <b>Copyright &amp; Design :<\/b> Markus Ehring<\/p>\n<p>&nbsp;<\/p>\n","protected":false},"featured_media":30585,"template":"","meta":{"_acf_changed":false},"product_brand":[],"product_cat":[170],"product_tag":[],"class_list":{"0":"post-30588","1":"product","2":"type-product","3":"status-publish","4":"has-post-thumbnail","6":"product_cat-craft-action-interactive","8":"first","9":"instock","10":"taxable","11":"shipping-taxable","12":"purchasable","13":"product-type-simple"},"acf":[],"_links":{"self":[{"href":"https:\/\/roigk.de\/fr\/wp-json\/wp\/v2\/product\/30588","targetHints":{"allow":["GET"]}}],"collection":[{"href":"https:\/\/roigk.de\/fr\/wp-json\/wp\/v2\/product"}],"about":[{"href":"https:\/\/roigk.de\/fr\/wp-json\/wp\/v2\/types\/product"}],"wp:featuredmedia":[{"embeddable":true,"href":"https:\/\/roigk.de\/fr\/wp-json\/wp\/v2\/media\/30585"}],"wp:attachment":[{"href":"https:\/\/roigk.de\/fr\/wp-json\/wp\/v2\/media?parent=30588"}],"wp:term":[{"taxonomy":"product_brand","embeddable":true,"href":"https:\/\/roigk.de\/fr\/wp-json\/wp\/v2\/product_brand?post=30588"},{"taxonomy":"product_cat","embeddable":true,"href":"https:\/\/roigk.de\/fr\/wp-json\/wp\/v2\/product_cat?post=30588"},{"taxonomy":"product_tag","embeddable":true,"href":"https:\/\/roigk.de\/fr\/wp-json\/wp\/v2\/product_tag?post=30588"}],"curies":[{"name":"wp","href":"https:\/\/api.w.org\/{rel}","templated":true}]}}