{"id":31112,"date":"2023-01-09T17:41:43","date_gmt":"2023-01-09T17:41:43","guid":{"rendered":"https:\/\/roigk.de\/overflow-roller-for-swimming-lane-lines-r83602-for-touch-walls\/"},"modified":"2026-01-21T09:17:30","modified_gmt":"2026-01-21T09:17:30","slug":"overflow-roller-for-swimming-lane-lines-r83602-for-touch-walls","status":"publish","type":"product","link":"https:\/\/roigk.de\/fr\/overflow-roller-for-swimming-lane-lines-r83602-for-touch-walls\/","title":{"rendered":"Overflow roller for swimming lane lines R83602 (for touch walls)"},"content":{"rendered":"","protected":false},"excerpt":{"rendered":"<p>Permet aux lignes de nage de passer facilement au-dessus des murs d&rsquo;arriv\u00e9e int\u00e9gr\u00e9s, afin de les stocker au sous-sol via un passage au sol et un bac de r\u00e9cup\u00e9ration.<\/p>\n<p>Inclus : rouleau et plaque de fixation sp\u00e9ciale pour montage sur murs d&rsquo;arriv\u00e9e Roigk.<\/p>\n<p>Version standard<br \/>Mat\u00e9riaux : Acier inoxydable V4A (1.4571) et rouleaux en plastique<\/p>\n","protected":false},"featured_media":24866,"template":"","meta":{"_acf_changed":false},"product_brand":[],"product_cat":[141,158],"product_tag":[],"class_list":{"0":"post-31112","1":"product","2":"type-product","3":"status-publish","4":"has-post-thumbnail","6":"product_cat-lignes-pieces-detachees","7":"product_cat-lignes-de-nage-lignes-de-separation-et-douilles-de-sol","9":"first","10":"instock","11":"taxable","12":"shipping-taxable","13":"purchasable","14":"product-type-simple"},"acf":[],"_links":{"self":[{"href":"https:\/\/roigk.de\/fr\/wp-json\/wp\/v2\/product\/31112","targetHints":{"allow":["GET"]}}],"collection":[{"href":"https:\/\/roigk.de\/fr\/wp-json\/wp\/v2\/product"}],"about":[{"href":"https:\/\/roigk.de\/fr\/wp-json\/wp\/v2\/types\/product"}],"wp:featuredmedia":[{"embeddable":true,"href":"https:\/\/roigk.de\/fr\/wp-json\/wp\/v2\/media\/24866"}],"wp:attachment":[{"href":"https:\/\/roigk.de\/fr\/wp-json\/wp\/v2\/media?parent=31112"}],"wp:term":[{"taxonomy":"product_brand","embeddable":true,"href":"https:\/\/roigk.de\/fr\/wp-json\/wp\/v2\/product_brand?post=31112"},{"taxonomy":"product_cat","embeddable":true,"href":"https:\/\/roigk.de\/fr\/wp-json\/wp\/v2\/product_cat?post=31112"},{"taxonomy":"product_tag","embeddable":true,"href":"https:\/\/roigk.de\/fr\/wp-json\/wp\/v2\/product_tag?post=31112"}],"curies":[{"name":"wp","href":"https:\/\/api.w.org\/{rel}","templated":true}]}}