{"id":31131,"date":"2023-05-30T08:50:31","date_gmt":"2023-05-30T08:50:31","guid":{"rendered":"https:\/\/roigk.de\/toboggan-large-a-vagues-en-acier-inoxydable-r153-20e\/"},"modified":"2026-01-21T09:20:25","modified_gmt":"2026-01-21T09:20:25","slug":"toboggan-large-a-vagues-en-acier-inoxydable-r153-20e","status":"publish","type":"product","link":"https:\/\/roigk.de\/fr\/toboggan-large-a-vagues-en-acier-inoxydable-r153-20e\/","title":{"rendered":"Toboggan large \u00e0 vagues en acier inoxydable R153-20E"},"content":{"rendered":"","protected":false},"excerpt":{"rendered":"<p>Similaire \u00e0 notre mod\u00e8le R153-20, mais enti\u00e8rement en acier inoxydable.<br \/>Le large toboggan peu profond avec une l\u00e9g\u00e8re bosse procure du plaisir aux petits comme aux grands enfants, ainsi qu\u2019aux adultes et aux grands-parents.<br \/>Pour plus de s\u00e9curit\u00e9, le toboggan est \u00e9quip\u00e9 d\u2019un escalier s\u00e9curis\u00e9 avec de grandes marches et une double rampe en acier inoxydable adapt\u00e9e aux enfants.<\/p>\n<p>&nbsp; &nbsp; Classification selon la norme DIN : Type 1.2<\/p>\n<p>&nbsp; &nbsp; Dimensions (L\/l\/H) : env. 6700 x 2600 x 2950 mm<\/p>\n<p>&nbsp; &nbsp; Hauteur de plateforme : 1950 mm<\/p>\n<p>&nbsp; &nbsp; D\u00e9bit d\u2019eau : env. 1000 l\/min ou 60 m\u00b3\/h<\/p>\n<p>&nbsp; &nbsp; Mat\u00e9riau : Acier inoxydable V4A (1.4571)<\/p>\n<p>&nbsp; &nbsp; Public cible : Familles de tous \u00e2ges<\/p>\n<p>&nbsp; &nbsp; Positionnement : En bord de bassin avec profondeur d\u2019eau = \u00e0 partir d\u2019env. 900 mm<\/p>\n","protected":false},"featured_media":26638,"template":"","meta":{"_acf_changed":false},"product_brand":[],"product_cat":[191],"product_tag":[],"class_list":{"0":"post-31131","1":"product","2":"type-product","3":"status-publish","4":"has-post-thumbnail","6":"product_cat-toboggans-aquatiques-rapides-et-colores","8":"first","9":"instock","10":"taxable","11":"shipping-taxable","12":"purchasable","13":"product-type-simple"},"acf":[],"_links":{"self":[{"href":"https:\/\/roigk.de\/fr\/wp-json\/wp\/v2\/product\/31131","targetHints":{"allow":["GET"]}}],"collection":[{"href":"https:\/\/roigk.de\/fr\/wp-json\/wp\/v2\/product"}],"about":[{"href":"https:\/\/roigk.de\/fr\/wp-json\/wp\/v2\/types\/product"}],"wp:featuredmedia":[{"embeddable":true,"href":"https:\/\/roigk.de\/fr\/wp-json\/wp\/v2\/media\/26638"}],"wp:attachment":[{"href":"https:\/\/roigk.de\/fr\/wp-json\/wp\/v2\/media?parent=31131"}],"wp:term":[{"taxonomy":"product_brand","embeddable":true,"href":"https:\/\/roigk.de\/fr\/wp-json\/wp\/v2\/product_brand?post=31131"},{"taxonomy":"product_cat","embeddable":true,"href":"https:\/\/roigk.de\/fr\/wp-json\/wp\/v2\/product_cat?post=31131"},{"taxonomy":"product_tag","embeddable":true,"href":"https:\/\/roigk.de\/fr\/wp-json\/wp\/v2\/product_tag?post=31131"}],"curies":[{"name":"wp","href":"https:\/\/api.w.org\/{rel}","templated":true}]}}