{"id":9001,"date":"2020-07-20T14:25:50","date_gmt":"2020-07-20T14:25:50","guid":{"rendered":"http:\/\/roigk.de\/produkt\/fussbad-armatur-r40-1\/"},"modified":"2026-01-21T08:25:34","modified_gmt":"2026-01-21T08:25:34","slug":"fussbad-armatur-r40-1","status":"publish","type":"product","link":"https:\/\/roigk.de\/fr\/fussbad-armatur-r40-1\/","title":{"rendered":"Fu\u00dfbad-Armatur R40-1"},"content":{"rendered":"<p>Fu\u00dfbad-Armatur mit abgeschr\u00e4gtem Abschluss Edelstahlrunds\u00e4ule (mindestens 114mm Durchmesser) mit abgeschr\u00e4gtem oberem Abschluss, inkl. Einhebel-Mischbatterie f\u00fcr Warm- und Kaltwasser, mit Wasserauslassventil f\u00fcr Schlauchanschluss inkl. wei\u00dfem dickem Wellness-Schlauch mit verchromter Kappe, der auf die gew\u00fcnschte L\u00e4nge k\u00fcrzbar ist. Muss f\u00fcr die thermische Desinfektion geeignet sein. H\u00f6he: 900 mm Material: Edelstahl V4A (1.4571) glasperlengestrahlt und elektropoliert Befestigung: Fu\u00dfflanschplatte (DN 100, 4 x M12) passend zu optionalem Bodenanker R41E, mit integriertem Panzer-Schlauchsystem f\u00fcr 2 x 1\/2&Prime; Wasseranschluss Fabrikat: Roigk R40-1 oder gleichwertiger Art Angebotenes Fabrikat:&#8230;&#8230;&#8230;&#8230;&#8230;&#8230;&#8230;&#8230;&#8230;&#8230;&#8230;&#8230;&#8230;<\/p>\n","protected":false},"excerpt":{"rendered":"<p>Die Edelstahlrunds\u00e4ule mit abgeschr\u00e4gtem oberen Abschluss ist ausgestattet mit einer Einhebel-Mischbatterie f\u00fcr Warm- und Kaltwasser und einem dicken Schlauch zur Bef\u00fcllung der Fu\u00dfbecken. Die Oberfl\u00e4che ist im Vergleich zur R41-1 mattgl\u00e4nzend.<\/p>\n<p>H\u00f6he: 900 mm<\/p>\n<p>Material: Edelstahl V4A (1.4571)<\/p>\n","protected":false},"featured_media":8998,"template":"","meta":{"_acf_changed":false},"product_brand":[],"product_cat":[32],"product_tag":[],"class_list":{"0":"post-9001","1":"product","2":"type-product","3":"status-publish","4":"has-post-thumbnail","6":"product_cat-fussbad-wellness","8":"first","9":"instock","10":"taxable","11":"shipping-taxable","12":"purchasable","13":"product-type-simple"},"acf":[],"_links":{"self":[{"href":"https:\/\/roigk.de\/fr\/wp-json\/wp\/v2\/product\/9001","targetHints":{"allow":["GET"]}}],"collection":[{"href":"https:\/\/roigk.de\/fr\/wp-json\/wp\/v2\/product"}],"about":[{"href":"https:\/\/roigk.de\/fr\/wp-json\/wp\/v2\/types\/product"}],"wp:featuredmedia":[{"embeddable":true,"href":"https:\/\/roigk.de\/fr\/wp-json\/wp\/v2\/media\/8998"}],"wp:attachment":[{"href":"https:\/\/roigk.de\/fr\/wp-json\/wp\/v2\/media?parent=9001"}],"wp:term":[{"taxonomy":"product_brand","embeddable":true,"href":"https:\/\/roigk.de\/fr\/wp-json\/wp\/v2\/product_brand?post=9001"},{"taxonomy":"product_cat","embeddable":true,"href":"https:\/\/roigk.de\/fr\/wp-json\/wp\/v2\/product_cat?post=9001"},{"taxonomy":"product_tag","embeddable":true,"href":"https:\/\/roigk.de\/fr\/wp-json\/wp\/v2\/product_tag?post=9001"}],"curies":[{"name":"wp","href":"https:\/\/api.w.org\/{rel}","templated":true}]}}