{"id":9221,"date":"2020-07-20T14:28:59","date_gmt":"2020-07-20T14:28:59","guid":{"rendered":"http:\/\/roigk.de\/produkt\/o-manuelle-hochstellvorrichtung-r8001m-fuer-sprunganlagen-fuer-walzenverstellung\/"},"modified":"2026-01-21T08:36:15","modified_gmt":"2026-01-21T08:36:15","slug":"o-manuelle-hochstellvorrichtung-r8001m-fuer-sprunganlagen-fuer-walzenverstellung","status":"publish","type":"product","link":"https:\/\/roigk.de\/fr\/o-manuelle-hochstellvorrichtung-r8001m-fuer-sprunganlagen-fuer-walzenverstellung\/","title":{"rendered":"O# Manuelle Hochstellvorrichtung R8001M (f\u00fcr Sprunganlagen f\u00fcr Walzenverstellung)"},"content":{"rendered":"<p>Mehrpreis f\u00fcr manuelle Hochstellvorrichtung f\u00fcr Sprungbretter Ein stabiler Edelstahlb\u00fcgel, der an der Walzenverstellung angebracht wird, verhindert das Herunterklappen eines hochgeklappten Sprungbrettes und arretiert sich gleichzeitig. Ohne Strom oder Druckluft zu betreiben. Material: V4A (1.4571) pulverbeschichtet RAL 7015 Fabrikat: Roigk R8001M (www.roigk.de) oder gleichwertiger Art Angebotenes Fabrikat: \u2026\u2026\u2026\u2026\u2026\u2026\u2026\u2026\u2026\u2026\u2026\u2026.<\/p>\n","protected":false},"excerpt":{"rendered":"<p>Zur tempor\u00e4ren Hochstellung eines Sprungbrettes, z. B. bei Sperrung, bei Schwimmwettk\u00e4mpfen, bei Wasserballwettk\u00e4mpfen, etc.<\/p>\n<p>Die Hochstellvorrichtung wird an einer Walzenverstellung R771252 angeschwei\u00dft, daher nur in Verbindung mit einer neuen ROIGK Walzenverstellung lieferbar.<\/p>\n<p>Material:Edelstahl V4A (1.4571) pulverbeschichtet RAL 7015<\/p>\n","protected":false},"featured_media":30172,"template":"","meta":{"_acf_changed":false},"product_brand":[],"product_cat":[28],"product_tag":[],"class_list":{"0":"post-9221","1":"product","2":"type-product","3":"status-publish","4":"has-post-thumbnail","6":"product_cat-schwimmsportausruestung-sprungtuerme","8":"first","9":"instock","10":"taxable","11":"shipping-taxable","12":"purchasable","13":"product-type-simple"},"acf":[],"_links":{"self":[{"href":"https:\/\/roigk.de\/fr\/wp-json\/wp\/v2\/product\/9221","targetHints":{"allow":["GET"]}}],"collection":[{"href":"https:\/\/roigk.de\/fr\/wp-json\/wp\/v2\/product"}],"about":[{"href":"https:\/\/roigk.de\/fr\/wp-json\/wp\/v2\/types\/product"}],"wp:featuredmedia":[{"embeddable":true,"href":"https:\/\/roigk.de\/fr\/wp-json\/wp\/v2\/media\/30172"}],"wp:attachment":[{"href":"https:\/\/roigk.de\/fr\/wp-json\/wp\/v2\/media?parent=9221"}],"wp:term":[{"taxonomy":"product_brand","embeddable":true,"href":"https:\/\/roigk.de\/fr\/wp-json\/wp\/v2\/product_brand?post=9221"},{"taxonomy":"product_cat","embeddable":true,"href":"https:\/\/roigk.de\/fr\/wp-json\/wp\/v2\/product_cat?post=9221"},{"taxonomy":"product_tag","embeddable":true,"href":"https:\/\/roigk.de\/fr\/wp-json\/wp\/v2\/product_tag?post=9221"}],"curies":[{"name":"wp","href":"https:\/\/api.w.org\/{rel}","templated":true}]}}